{"id":359,"date":"2020-11-23T02:35:08","date_gmt":"2020-11-23T02:35:08","guid":{"rendered":"http:\/\/ruouvang.demoweb.fun\/?post_type=product&#038;p=359"},"modified":"2020-11-24T01:37:13","modified_gmt":"2020-11-24T01:37:13","slug":"ruou-ballantines-12yo-40-700cl","status":"publish","type":"product","link":"https:\/\/sammarco.vn\/?product=ruou-ballantines-12yo-40-700cl","title":{"rendered":"R\u01b0\u1ee3u Ballantine&#8217;s 12YO 40%- 700cl"},"content":{"rendered":"<p>R\u01b0\u1ee3u Ballantine&#8217;s 12 n\u0103m l\u00e0 d\u00f2ng r\u01b0\u1ee3u Whisky pha tr\u1ed9n (blend) c\u1ee7a Scotland v\u1edbi h\u01b0\u01a1ng v\u1ecb c\u00e2n b\u1eb1ng, phong ph\u00fa, tinh t\u1ebf, tao nh\u00e3.<\/p>\n<p>Ch\u00eca kh\u00f3a trong th\u00e0nh ph\u1ea7n c\u1ee7a Ballantine&#8217;s 12 \u0111\u01b0\u1ee3c pha tr\u1ed9n t\u1eeb Miltonduff v\u00e0 Glenburgie v\u1edbi 50 nh\u00e0 ch\u01b0ng c\u1ea5t kh\u00e1c nhau. Bao g\u1ed3m c\u1ea3 d\u00f2ng single malt v\u00e0 grain whisky \u0111em ph\u1ed1i tr\u1ed9n v\u1edbi nhau. M\u1ed7i lo\u1ea1i r\u01b0\u1ee3u \u0111em \u0111i pha tr\u1ed9n v\u1edbi nhau \u0111\u01b0\u1ee3c \u1ee7 \u00edt nh\u1ea5t l\u00e0 12 n\u0103m trong th\u00f9ng g\u1ed7 s\u1ed3i t\u1ea1o cho Ballantine&#8217;s 12 n\u0103m phong ph\u00fa, tr\u01a1n m\u01b0\u1ee3t v\u00e0 ph\u1ee9c c\u1ea3m.<\/p>\n","protected":false},"excerpt":{"rendered":"<div class=\"col-md-6\">\n<p><strong class=\"pull-left text-left\">Xu\u1ea5t x\u1ee9<\/strong>:\u00a0Scotland<\/p>\n<p><strong class=\"pull-left text-left\">Th\u01b0\u01a1ng hi\u1ec7u<\/strong>:\u00a0Ballentine\u2019s<\/p>\n<p><strong class=\"pull-left text-left\">Lo\u1ea1i whisky<\/strong>:\u00a0Blended Scotch Whisky<\/p>\n<\/div>\n<div class=\"col-md-6\">\n<p><strong class=\"pull-left text-left\">Dung t\u00edch<\/strong>:\u00a0700ml<\/p>\n<p><strong class=\"pull-left text-left\">N\u1ed3ng \u0111\u1ed9<\/strong>:\u00a040.0%<\/p>\n<p><strong class=\"pull-left text-left\">Tu\u1ed5i r\u01b0\u1ee3u<\/strong>12 YO<\/p>\n<p><strong class=\"pull-left text-left\">Vintage<\/strong>1972-Vintage<\/p>\n<\/div>\n","protected":false},"featured_media":360,"comment_status":"open","ping_status":"closed","template":"","meta":[],"_links":{"self":[{"href":"https:\/\/sammarco.vn\/index.php?rest_route=\/wp\/v2\/product\/359"}],"collection":[{"href":"https:\/\/sammarco.vn\/index.php?rest_route=\/wp\/v2\/product"}],"about":[{"href":"https:\/\/sammarco.vn\/index.php?rest_route=\/wp\/v2\/types\/product"}],"replies":[{"embeddable":true,"href":"https:\/\/sammarco.vn\/index.php?rest_route=%2Fwp%2Fv2%2Fcomments&post=359"}],"wp:featuredmedia":[{"embeddable":true,"href":"https:\/\/sammarco.vn\/index.php?rest_route=\/wp\/v2\/media\/360"}],"wp:attachment":[{"href":"https:\/\/sammarco.vn\/index.php?rest_route=%2Fwp%2Fv2%2Fmedia&parent=359"}],"curies":[{"name":"wp","href":"https:\/\/api.w.org\/{rel}","templated":true}]}}