{"id":353,"date":"2020-11-23T02:23:20","date_gmt":"2020-11-23T02:23:20","guid":{"rendered":"http:\/\/ruouvang.demoweb.fun\/?post_type=product&#038;p=353"},"modified":"2020-11-24T02:08:51","modified_gmt":"2020-11-24T02:08:51","slug":"ruou-ballantines-finest-40-700cl","status":"publish","type":"product","link":"https:\/\/sammarco.vn\/?product=ruou-ballantines-finest-40-700cl","title":{"rendered":"R\u01b0\u1ee3u Ballantine&#8217;s finest 40%- 700cl"},"content":{"rendered":"<p>Whisky ph\u1ed1i tr\u1ed9n t\u1eeb whisky m\u1ea1ch nha v\u00e0 whisky tr\u00e1i c\u00e2y \u0111\u01b0\u1ee3c ng\u00e2m \u1ee7 \u00edt nh\u1ea5t 3 n\u0103m<br \/>\nM\u00e0u s\u1eafc: R\u01b0\u1ee3u c\u00f3 m\u00e0u v\u00e0ng s\u1eabm nh\u01b0 m\u00e0u h\u1ed5 ph\u00e1ch<br \/>\nMang h\u01b0\u01a1ng v\u1ecb ng\u1ecdt ng\u00e0o vanilla v\u00e0 socola, v\u1edbi h\u01b0\u01a1ng nh\u01b0 m\u00f9i t\u00e1o \u0111\u1ecf ch\u00edn m\u1ecdng<br \/>\nN\u1ed3ng \u0111\u1ed9: 40%<\/p>\n<p><strong>R\u01b0\u1ee3u Whisky Ballantine&#8217;s Finest 700ml 40%<\/strong>\u00a0&#8211; Th\u01b0\u1edfng th\u1ee9c r\u01b0\u1ee3u Ballantines Finest theo phong c\u00e1ch qu\u00fd \u00f4ng<\/p>\n<p>Trong th\u1ebf gi\u1edbi whiskey, c\u00e1c qu\u00fd \u00f4ng \u0111\u1ec1u c\u00f3 c\u00e1ch th\u01b0\u1edfng th\u1ee9c r\u01b0\u1ee3u c\u1ee7a ri\u00eang m\u00ecnh. Song, n\u1ebfu b\u1ea1n l\u00e0 m\u1ed9t ng\u01b0\u1eddi m\u1edbi t\u1eadp t\u00e0nh b\u01b0\u1edbc v\u00e0o th\u1ebf gi\u1edbi \u201c\u0111\u1ea7y c\u00e1m d\u1ed7\u201d n\u00e0y, th\u00ec h\u00e3y tham kh\u1ea3o c\u00e1c c\u00e1ch u\u1ed1ng sau. \u0110\u1ec3 kh\u00e1m ph\u00e1 cho m\u00ecnh phong c\u00e1ch th\u01b0\u1edfng th\u1ee9c ri\u00eang nh\u00e9.<\/p>\n<p>&#8211;\u00a0 U\u1ed1ng nguy\u00ean ch\u1ea5t: R\u00f3t r\u01b0\u1ee3u tr\u1ef1c ti\u1ebfp ra ly, l\u1eafc ly \u0111\u1ec3 h\u01b0\u01a1ng v\u1ecb bung t\u1ecfa r\u1ed3i nh\u00e2m nhi th\u01b0\u1edfng th\u1ee9c.<\/p>\n<p>&#8211;\u00a0 Pha v\u1edbi ch\u00fat n\u01b0\u1edbc: R\u00f3t r\u01b0\u1ee3u ra ly r\u1ed3i th\u00eam v\u00e0i gi\u1ecdt n\u01b0\u1edbc tinh khi\u1ebft. L\u1eafc ly r\u1ed3i th\u01b0\u1edfng th\u1ee9c t\u1eebng ng\u1ee5m t\u1eebng ng\u1ee5m r\u01b0\u1ee3u.<\/p>\n<p>&#8211;\u00a0 U\u1ed1ng v\u1edbi \u0111\u00e1: Cho v\u00e0i vi\u00ean \u0111\u00e1 v\u00e0o ly, r\u00f3t r\u01b0\u1ee3u ch\u1ea3y qua c\u00e1c vi\u00ean \u0111\u00e1. L\u1eafc ly cho r\u01b0\u1ee3u h\u00f2a quy\u1ec7n v\u1edbi n\u01b0\u1edbc \u0111\u00e1 r\u1ed3i th\u01b0\u1edfng th\u1ee9c.<\/p>\n<p>&#8211;\u00a0 U\u1ed1ng l\u1ea1nh: \u0110\u1ec3 r\u01b0\u1ee3u trong t\u1ee7 l\u1ea1nh kho\u1ea3ng 30 ph\u00fat tr\u01b0\u1edbc khi th\u01b0\u1edfng th\u1ee9c. C\u00e1ch n\u00e0y d\u00e0nh cho nh\u1eefng \u00fay \u00f4ng y\u00eau th\u00edch s\u1ef1 m\u1ea1nh m\u1ebd c\u1ee7a r\u01b0\u1ee3u.<\/p>\n<p>&#8211;\u00a0 Pha ch\u1ebf cocktail (n\u1ebfu mu\u1ed1n).<\/p>\n<p><strong>\u0110\u00f4i n\u00e9t v\u1ec1 th\u01b0\u01a1ng hi\u1ec7u Ballantines<\/strong><\/p>\n<p>&#8211;\u00a0 Th\u01b0\u01a1ng hi\u1ec7u n\u00e0y \u0111\u01b0\u1ee3c th\u00e0nh l\u1eadp v\u00e0o n\u0103m 1865 b\u1edfi George Ballantine. C\u00e1c d\u00f2ng r\u01b0\u1ee3u c\u1ee7a Ballantines \u0111\u01b0\u1ee3c s\u1ea3n xu\u1ea5t t\u1ea1i Dumbarton, Scotland v\u00e0 \u0111\u01b0\u1ee3c \u0111\u00e1nh gi\u00e1 l\u00e0 lo\u1ea1i Blend Scotch Whisky b\u00e1n ch\u1ea1y th\u1ee9 hai tr\u00ean th\u1ebf gi\u1edbi.<\/p>\n<p>&#8211;\u00a0 Quay tr\u1edf l\u1ea1i nh\u1eefng ng\u00e0y \u0111\u1ea7u th\u00e0nh l\u1eadp, Ballantines b\u1ecb b\u00e1n cho m\u1ed9t ng\u01b0\u1eddi kh\u00e1c ch\u1ec9 sau kho\u1ea3ng th\u1eddi gian kinh doanh kh\u00f4ng l\u00e2u.<\/p>\n<p>&#8211;\u00a0 Tr\u1ea3i qua nhi\u1ec1u bi\u1ebfn c\u1ed1, c\u00f4ng ty b\u1ecb mua \u0111i b\u00e1n l\u1ea1i nhi\u1ec1u l\u1ea7n v\u00e0 qua nhi\u1ec1u \u0111\u1eddi ch\u1ee7. Tuy nhi\u00ean, may m\u1eafn l\u00e0 c\u00e1i t\u00ean Ballantines v\u1eabn \u0111\u01b0\u1ee3c duy tr\u00ec v\u00e0 g\u00ecn gi\u1eef cho \u0111\u1ebfn ng\u00e0y nay.<\/p>\n<p>&#8211;\u00a0 D\u00f9 c\u00f4ng ty ph\u1ea3i g\u1eb7p nh\u1eefng th\u0103ng tr\u1ea7m nh\u01b0ng b\u1ea3n th\u00e2n Ballantines Finest l\u1ea1i mang h\u01b0\u01a1ng v\u1ecb tr\u1ebb trung, ph\u00f9 h\u1ee3p v\u1edbi nh\u1eefng ng\u01b0\u1eddi c\u00f3 phong c\u00e1ch n\u0103ng \u0111\u1ed9ng.<\/p>\n","protected":false},"excerpt":{"rendered":"<p>M\u00e3 s\u1ea3n ph\u1ea9m: BALL01<\/p>\n<div class=\"pwb-single-product-brands pwb-clearfix\"><span class=\"pwb-text-before-brands-links\">Xu\u1ea5t x\u1ee9:<\/span>Scotland<\/div>\n<div><\/div>\n<div>N\u1ed3ng \u0111\u1ed9: 40 \u0111\u1ed9<\/div>\n<div><\/div>\n<div>Th\u1ec3 t\u00edch: 700ml<\/div>\n","protected":false},"featured_media":354,"comment_status":"open","ping_status":"closed","template":"","meta":[],"_links":{"self":[{"href":"https:\/\/sammarco.vn\/index.php?rest_route=\/wp\/v2\/product\/353"}],"collection":[{"href":"https:\/\/sammarco.vn\/index.php?rest_route=\/wp\/v2\/product"}],"about":[{"href":"https:\/\/sammarco.vn\/index.php?rest_route=\/wp\/v2\/types\/product"}],"replies":[{"embeddable":true,"href":"https:\/\/sammarco.vn\/index.php?rest_route=%2Fwp%2Fv2%2Fcomments&post=353"}],"wp:featuredmedia":[{"embeddable":true,"href":"https:\/\/sammarco.vn\/index.php?rest_route=\/wp\/v2\/media\/354"}],"wp:attachment":[{"href":"https:\/\/sammarco.vn\/index.php?rest_route=%2Fwp%2Fv2%2Fmedia&parent=353"}],"curies":[{"name":"wp","href":"https:\/\/api.w.org\/{rel}","templated":true}]}}