{"id":1138,"date":"2026-03-02T07:33:48","date_gmt":"2026-03-02T07:33:48","guid":{"rendered":"https:\/\/sammarco.vn\/?post_type=product&#038;p=1138"},"modified":"2026-04-10T15:35:35","modified_gmt":"2026-04-10T15:35:35","slug":"chivas-regal-xv-chivas-15-nam-tuoi","status":"publish","type":"product","link":"https:\/\/sammarco.vn\/?product=chivas-regal-xv-chivas-15-nam-tuoi","title":{"rendered":"Chivas Regal XV (Chivas 15 n\u0103m tu\u1ed5i)"},"content":{"rendered":"<p>R\u01b0\u1ee3u Chivas XV h\u1ed9p qu\u00e0 B\u00ednh Ng\u1ecd 2026 hay c\u00f2n \u0111\u01b0\u1ee3c g\u1ecdi v\u1edbi c\u00e1i t\u00ean th\u00e2n thu\u1ed9c l\u00e0 r\u01b0\u1ee3u Chivas 15 n\u0103m, \u0111\u00e2y l\u00e0 lo\u1ea1i r\u01b0\u1ee3u \u0111\u01b0\u1ee3c \u1ee7 l\u1ea7n cu\u1ed1i c\u00f9ng v\u1edbi th\u00f9ng g\u1ed7 s\u1ed3i Grande Champage cho ra h\u01b0\u01a1ng v\u1ecb \u0111\u1ed9c \u0111\u00e1o v\u00e0 ng\u1ecdt ng\u00e0o. \u0110\u01b0\u1ee3c \u1ee7 trong t\u1ed1i thi\u1ec3u 15 n\u0103m v\u00e0 \u0111\u01b0\u1ee3c ch\u1ecdn l\u1ecdc ho\u00e0n ch\u1ec9nh trong th\u00f9ng r\u01b0\u1ee3u Champagne Cognac \u0111\u1ec3 mang l\u1ea1i h\u01b0\u01a1ng v\u1ecb tr\u00e1i c\u00e2y v\u00e0 h\u01b0\u01a1ng v\u1ecb sang tr\u1ecdng.<\/p>\n<p>B\u00ed quy\u1ebft cho h\u01b0\u01a1ng v\u1ecb tinh t\u1ebf n\u1eb1m \u1edf c\u00e1ch \u0111\u1ed9c \u0111\u00e1o m\u00e0 r\u01b0\u1ee3u Whisky \u0111\u01b0\u1ee3c pha tr\u1ed9n. V\u00f9ng Grande Champagne \u1edf Ph\u00e1p n\u1ed5i ti\u1ebfng v\u1edbi vi\u1ec7c s\u1ea3n xu\u1ea5t c\u00e1c lo\u1ea1i r\u01b0\u1ee3u Cognac ngon nh\u1ea5t th\u1ebf gi\u1edbi v\u00e0 b\u1ed5 sung th\u00eam m\u1ed9t \u0111\u1eb7c t\u00ednh tinh t\u1ebf, phong ph\u00fa cho Whisky. Sau khi ch\u00edn m\u00f9i trong 15 n\u0103m trong m\u1ed9t lo\u1ea1t c\u00e1c th\u00f9ng g\u1ed7 s\u1ed3i kh\u00e1c nhau, m\u1ed9t s\u1ed1 r\u01b0\u1ee3u Whisky sau \u0111\u00f3 \u0111\u01b0\u1ee3c chuy\u1ec3n v\u00e0o th\u00f9ng g\u1ed7 s\u1ed3i Ph\u00e1p.<\/p>\n<p>S\u1ef1 k\u1ebft h\u1ee3p qu\u00e1 tr\u00ecnh \u1ee7 r\u01b0\u1ee3u l\u00e2u d\u00e0i n\u00e0y c\u00f9ng v\u1edbi l\u1edbp ho\u00e0n thi\u1ec7n ch\u1ecdn l\u1ecdc trong th\u00f9ng r\u01b0\u1ee3u Cognac s\u1ebd t\u1ea1o ra \u0111\u01b0\u1ee3c m\u1ed9t d\u01b0 v\u1ecb r\u01b0\u1ee3u th\u1ef1c s\u1ef1 sang tr\u1ecdng v\u00e0 d\u1ecbu nh\u1eb9 k\u1ebft h\u1ee3p v\u1edbi c\u00e1c n\u1ed1t h\u01b0\u01a1ng t\u1eeb c\u00e2y sultana \u0111\u1eadm \u0111\u00e0 v\u00e0 ch\u00fat h\u01b0\u01a1ng qu\u1ebf \u1ea5m \u00e1p, \u0111\u00e2y s\u1ebd l\u00e0 m\u1ed9t s\u1ef1 pha tr\u1ed9n \u0111\u00e1ng \u0111\u1ec3 n\u00e2ng ly.<\/p>\n<p>Ph\u00f9 h\u1ee3p v\u1edbi bi\u1ebfu t\u1eb7ng nh\u1eefng \u0111i\u1ec1u m\u1edbi l\u1ea1 cho kh\u00e1ch h\u00e0ng ho\u1eb7c b\u1ea1n b\u00e8, ho\u1eb7c s\u1eed d\u1ee5ng \u0111\u1ec3 l\u00e0m n\u1ec1n t\u1ea1o n\u00ean nh\u1eefng ly cocktail tuy\u1ec7t h\u1ea3o cho nh\u1eefng b\u1eefa ti\u1ec7c \u0111\u00eam.<\/p>\n<p><strong>C\u00e1ch th\u01b0\u1edfng th\u1ee9c<\/strong>:<\/p>\n<ul>\n<li><strong>U\u1ed1ng nguy\u00ean ch\u1ea5t:<\/strong>\u00a0U\u1ed1ng tr\u1ef1c ti\u1ebfp, ki\u1ec3u ly Tulip, ly Shot ho\u1eb7c Tumbler.<\/li>\n<li><strong>Th\u00eam \u0111\u00e1:<\/strong>\u00a0Ki\u1ec3u u\u1ed1ng cho vi\u00ean \u0111\u00e1 kh\u1ed1i v\u00e0o ly Tumbler sau \u0111\u00f3 r\u00f3t r\u01b0\u1ee3u l\u00ean \u0111\u00e1 r\u1ed3i th\u01b0\u1edfng th\u1ee9c.<\/li>\n<li><strong>Th\u00eam m\u1ed9t \u00edt n\u01b0\u1edbc:<\/strong>\u00a0\u0110\u00e2y l\u00e0 m\u1ed9t c\u00e1ch th\u01b0\u1edfng th\u1ee9c r\u1ea5t \u0111\u1ed9c \u0111\u00e1o, h\u01b0\u01a1ng v\u1ecb c\u1ee7a Chivas 15 tr\u1edf n\u00ean d\u1ecbu nh\u1eb9 v\u00e0 thanh tho\u00e1t h\u01a1n. B\u1ea1n c\u00f3 th\u1ec3 ch\u1eadm r\u00e3i t\u1eadn h\u01b0\u1edfng r\u01b0\u1ee3u t\u1eebng ch\u00fat m\u1ed9t.<\/li>\n<li><strong>\u01af\u1edbp l\u1ea1nh:<\/strong>\u00a0V\u1edbi c\u00e1ch n\u00e0y, r\u01b0\u1ee3u m\u00e1t l\u1ea1nh nh\u01b0ng v\u1eabn gi\u1eef h\u01b0\u01a1ng v\u1ecb r\u01b0\u1ee3u \u0111\u01b0\u1ee3c tr\u1ecdn v\u1eb9n.<\/li>\n<li><strong>Pha ch\u1ebf cocktail:<\/strong>\u00a0\u0110\u00e2y l\u00e0 c\u00e1ch \u0111\u01b0\u1ee3c nhi\u1ec1u ph\u1ee5 n\u1eef ph\u01b0\u01a1ng T\u00e2y \u01b0a chu\u1ed9ng, b\u1edfi c\u00f3 m\u00e0u s\u1eafc b\u1eaft m\u1eaft v\u00e0 n\u1ed3ng \u0111\u1ed9 c\u1ed3n \u0111\u01b0\u1ee3c gi\u1ea3m xu\u1ed1ng \u0111\u1ebfn m\u1ee9c th\u1ea5p nh\u1ea5t.<\/li>\n<\/ul>\n","protected":false},"excerpt":{"rendered":"<p>Xu\u1ea5t x\u1ee9: Scotland<\/p>\n<p>N\u1ed3ng \u0111\u1ed9: 40%<\/p>\n<p>Dung t\u00edch: 700ml<\/p>\n<p>Lo\u1ea1i r\u01b0\u1ee3u: Blended Whisky<\/p>\n<p>M\u00e0u s\u1eafc: M\u00e0u v\u00e0ng h\u1ed5 ph\u00e1ch<\/p>\n","protected":false},"featured_media":1139,"comment_status":"open","ping_status":"closed","template":"","meta":[],"_links":{"self":[{"href":"https:\/\/sammarco.vn\/index.php?rest_route=\/wp\/v2\/product\/1138"}],"collection":[{"href":"https:\/\/sammarco.vn\/index.php?rest_route=\/wp\/v2\/product"}],"about":[{"href":"https:\/\/sammarco.vn\/index.php?rest_route=\/wp\/v2\/types\/product"}],"replies":[{"embeddable":true,"href":"https:\/\/sammarco.vn\/index.php?rest_route=%2Fwp%2Fv2%2Fcomments&post=1138"}],"wp:featuredmedia":[{"embeddable":true,"href":"https:\/\/sammarco.vn\/index.php?rest_route=\/wp\/v2\/media\/1139"}],"wp:attachment":[{"href":"https:\/\/sammarco.vn\/index.php?rest_route=%2Fwp%2Fv2%2Fmedia&parent=1138"}],"curies":[{"name":"wp","href":"https:\/\/api.w.org\/{rel}","templated":true}]}}