{"id":1135,"date":"2026-03-02T07:31:18","date_gmt":"2026-03-02T07:31:18","guid":{"rendered":"https:\/\/sammarco.vn\/?post_type=product&#038;p=1135"},"modified":"2026-04-10T15:40:47","modified_gmt":"2026-04-10T15:40:47","slug":"the-glenlivet-founders-reserve","status":"publish","type":"product","link":"https:\/\/sammarco.vn\/?product=the-glenlivet-founders-reserve","title":{"rendered":"The Glenlivet Founder&#8217;s Reserve"},"content":{"rendered":"<p><strong data-start=\"377\" data-end=\"421\">Glenlivet Founder\u2019s Reserve H\u1ed9p Qu\u00e0 2026<\/strong>\u00a0l\u00e0 phi\u00ean b\u1ea3n \u0111\u1eb7c bi\u1ec7t k\u1ef7 ni\u1ec7m 200 n\u0103m ra \u0111\u1eddi c\u1ee7a th\u01b0\u01a1ng hi\u1ec7u The Glenlivet \u2013 nh\u00e0 ti\u00ean phong trong th\u1ebf gi\u1edbi whisky m\u1ea1ch nha \u0111\u01a1n c\u1ea5t Scotland. V\u1edbi thi\u1ebft k\u1ebf h\u1ed9p qu\u00e0 mang s\u1eafc xanh \u0111\u1eb7c tr\u01b0ng, k\u1ebft h\u1ee3p \u0111i\u1ec3m nh\u1ea5n \u201c200\u201d v\u00e0ng kim bi\u1ec3u tr\u01b0ng cho hai th\u1ebf k\u1ef7 l\u1ecbch s\u1eed, phi\u00ean b\u1ea3n n\u00e0y t\u00f4n vinh tinh th\u1ea7n ti\u00ean phong v\u00e0 \u0111am m\u00ea s\u00e1ng t\u1ea1o b\u1ea5t t\u1eadn c\u1ee7a ng\u01b0\u1eddi s\u00e1ng l\u1eadp George Smith.<\/p>\n<ul data-start=\"1450\" data-end=\"1796\">\n<li data-start=\"1450\" data-end=\"1486\">\n<p data-start=\"1452\" data-end=\"1486\"><strong data-start=\"1452\" data-end=\"1464\">M\u00e0u s\u1eafc:<\/strong>\u00a0V\u00e0ng m\u1eadt ong \u00f3ng \u1ea3.<\/p>\n<\/li>\n<li data-start=\"1487\" data-end=\"1606\">\n<p data-start=\"1489\" data-end=\"1606\"><strong data-start=\"1489\" data-end=\"1504\">H\u01b0\u01a1ng th\u01a1m:<\/strong>\u00a0G\u1ee3i m\u1edf v\u1edbi\u00a0<strong data-start=\"1516\" data-end=\"1549\">l\u00ea ch\u00edn, t\u00e1o xanh v\u00e0 cam qu\u00fdt<\/strong>, h\u00f2a quy\u1ec7n c\u00f9ng v\u1ecb\u00a0<strong data-start=\"1569\" data-end=\"1603\">vanilla, m\u1eadt ong v\u00e0 g\u1ed7 s\u1ed3i non<\/strong>.<\/p>\n<\/li>\n<li data-start=\"1607\" data-end=\"1712\">\n<p data-start=\"1609\" data-end=\"1712\"><strong data-start=\"1609\" data-end=\"1621\">V\u1ecb r\u01b0\u1ee3u:<\/strong>\u00a0C\u00e2n b\u1eb1ng v\u00e0 tinh t\u1ebf; v\u1ecb ng\u1ecdt d\u1ecbu c\u1ee7a tr\u00e1i c\u00e2y t\u01b0\u01a1i \u0111an xen c\u00f9ng kem b\u01a1 v\u00e0 ch\u00fat g\u1eebng nh\u1eb9.<\/p>\n<\/li>\n<li data-start=\"1713\" data-end=\"1796\">\n<p data-start=\"1715\" data-end=\"1796\"><strong data-start=\"1715\" data-end=\"1726\">H\u1eadu v\u1ecb:<\/strong>\u00a0M\u01b0\u1ee3t m\u00e0, t\u01b0\u01a1i s\u00e1ng, \u0111\u1ec3 l\u1ea1i c\u1ea3m gi\u00e1c thanh khi\u1ebft v\u00e0 d\u1ec5 ch\u1ecbu k\u00e9o d\u00e0i.<\/p>\n<\/li>\n<\/ul>\n<p data-start=\"1798\" data-end=\"1968\">Glenlivet Founder\u2019s Reserve th\u1ec3 hi\u1ec7n phong c\u00e1ch\u00a0<strong data-start=\"1846\" data-end=\"1867\">\u201csmooth &amp; fruity\u201d<\/strong>\u00a0\u0111\u1eb7c tr\u01b0ng c\u1ee7a nh\u00e0 Glenlivet \u2013 nh\u1eb9 nh\u00e0ng nh\u01b0ng s\u00e2u s\u1eafc, d\u1ec5 th\u01b0\u1edfng th\u1ee9c m\u00e0 v\u1eabn \u0111\u1ea7y chi\u1ec1u s\u00e2u h\u01b0\u01a1ng v\u1ecb.<\/p>\n<p data-start=\"2029\" data-end=\"2292\">B\u01b0\u1edbc sang n\u0103m\u00a0<strong data-start=\"2043\" data-end=\"2060\">B\u00ednh Ng\u1ecd 2026<\/strong>, Glenlivet Founder\u2019s Reserve H\u1ed9p Qu\u00e0 2026 mang th\u00f4ng \u0111i\u1ec7p\u00a0<strong data-start=\"2119\" data-end=\"2164\">\u201cTruy\u1ec1n th\u1ed1ng v\u1eefng b\u1ec1n \u2013 Kh\u1edfi \u0111\u1ea7u m\u1edbi m\u1ebb\u201d<\/strong>. M\u00e0u xanh lam t\u01b0\u1ee3ng tr\u01b0ng cho s\u1ef1 an l\u00e0nh v\u00e0 th\u1ecbnh v\u01b0\u1ee3ng, k\u1ebft h\u1ee3p c\u00f9ng chi ti\u1ebft v\u00e0ng \u00e1nh kim bi\u1ec3u tr\u01b0ng cho th\u00e0nh c\u00f4ng r\u1ef1c r\u1ee1.<\/p>\n<p data-start=\"2294\" data-end=\"2585\">\u0110\u00e2y l\u00e0 m\u00f3n qu\u00e0 ho\u00e0n h\u1ea3o d\u00e0nh cho doanh nh\u00e2n, \u0111\u1ed1i t\u00e1c ho\u1eb7c nh\u1eefng ng\u01b0\u1eddi y\u00eau whisky c\u1ed5 \u0111i\u1ec3n. Kh\u00f4ng ch\u1ec9 l\u00e0\u00a0<strong data-start=\"2397\" data-end=\"2432\">d\u1ea5u m\u1ed1c 200 n\u0103m c\u1ee7a th\u01b0\u01a1ng hi\u1ec7u<\/strong>, Glenlivet Founder\u2019s Reserve 2026 c\u00f2n l\u00e0 l\u1eddi ch\u00fac may m\u1eafn v\u00e0 kh\u1edfi \u0111\u1ea7u thu\u1eadn l\u1ee3i trong n\u0103m m\u1edbi \u2013 n\u01a1i truy\u1ec1n th\u1ed1ng v\u00e0 \u0111\u1ed5i m\u1edbi giao h\u00f2a m\u1ed9t c\u00e1ch tinh t\u1ebf.<\/p>\n","protected":false},"excerpt":{"rendered":"<ul>\n<li>Dung t\u00edch: 700ml<\/li>\n<li>N\u1ed3ng \u0111\u1ed9: 40%<\/li>\n<li>D\u00f2ng: Single Malt Whisky<\/li>\n<li>Xu\u1ea5t x\u1ee9: Scotland<\/li>\n<li>Quy c\u00e1ch: 6 chai\/ th\u00f9ng<\/li>\n<\/ul>\n","protected":false},"featured_media":1137,"comment_status":"open","ping_status":"closed","template":"","meta":[],"_links":{"self":[{"href":"https:\/\/sammarco.vn\/index.php?rest_route=\/wp\/v2\/product\/1135"}],"collection":[{"href":"https:\/\/sammarco.vn\/index.php?rest_route=\/wp\/v2\/product"}],"about":[{"href":"https:\/\/sammarco.vn\/index.php?rest_route=\/wp\/v2\/types\/product"}],"replies":[{"embeddable":true,"href":"https:\/\/sammarco.vn\/index.php?rest_route=%2Fwp%2Fv2%2Fcomments&post=1135"}],"wp:featuredmedia":[{"embeddable":true,"href":"https:\/\/sammarco.vn\/index.php?rest_route=\/wp\/v2\/media\/1137"}],"wp:attachment":[{"href":"https:\/\/sammarco.vn\/index.php?rest_route=%2Fwp%2Fv2%2Fmedia&parent=1135"}],"curies":[{"name":"wp","href":"https:\/\/api.w.org\/{rel}","templated":true}]}}