{"id":1133,"date":"2026-03-02T07:28:18","date_gmt":"2026-03-02T07:28:18","guid":{"rendered":"https:\/\/sammarco.vn\/?post_type=product&#038;p=1133"},"modified":"2026-04-13T07:09:40","modified_gmt":"2026-04-13T07:09:40","slug":"royal-salute-21-year-old-signature-blend","status":"publish","type":"product","link":"https:\/\/sammarco.vn\/?product=royal-salute-21-year-old-signature-blend","title":{"rendered":"Royal Salute 21 Year Old Signature Blend"},"content":{"rendered":"<p>R\u01b0\u1ee3u\u00a0<strong>Chivas 21 H\u1ed9p Qu\u00e0 2026<\/strong>\u00a0mang theo tinh th\u1ea7n T\u1ebft tr\u1ecdn v\u1eb9n c\u1ee7a n\u0103m B\u00ednh Ng\u1ecd \u2013 n\u0103m c\u1ee7a kh\u1edfi \u0111\u1ea7u m\u1ea1nh m\u1ebd, b\u1ee9t ph\u00e1 v\u00e0 th\u00e0nh c\u00f4ng. Trong v\u0103n h\u00f3a bi\u1ebfu t\u1eb7ng c\u1ee7a ng\u01b0\u1eddi Vi\u1ec7t, m\u1ed9t m\u00f3n qu\u00e0 T\u1ebft cao c\u1ea5p kh\u00f4ng ch\u1ec9 c\u1ea7n sang tr\u1ecdng m\u00e0 c\u00f2n ph\u1ea3i g\u1eedi g\u1eafm l\u1eddi ch\u00fac may m\u1eafn, th\u1ecbnh v\u01b0\u1ee3ng v\u00e0 tr\u01b0\u1eddng t\u1ed3n. L\u1ea5y c\u1ea3m h\u1ee9ng t\u1eeb h\u00ecnh t\u01b0\u1ee3ng Ng\u1ef1a \u2013 bi\u1ec3u tr\u01b0ng c\u1ee7a \u201cm\u00e3 \u0111\u00e1o th\u00e0nh c\u00f4ng\u201d, Royal Salute 21 phi\u00ean b\u1ea3n T\u1ebft 2026 tr\u1edf th\u00e0nh l\u1ef1a ch\u1ecdn qu\u00e0 bi\u1ebfu \u00fd ngh\u0129a, k\u1ebft n\u1ed1i tinh hoa ho\u00e0ng gia Scotland v\u1edbi m\u1ef9 h\u1ecdc phong th\u1ee7y \u00c1 \u0110\u00f4ng.<\/p>\n<p data-start=\"1299\" data-end=\"1667\"><strong data-start=\"1299\" data-end=\"1312\">Chivas 21<\/strong>\u00a0l\u00e0 c\u00e1ch g\u1ecdi quen thu\u1ed9c c\u1ee7a ng\u01b0\u1eddi Vi\u1ec7t d\u00e0nh cho d\u00f2ng whisky ho\u00e0ng gia\u00a0<strong data-start=\"1382\" data-end=\"1411\">Royal Salute 21 Years Old<\/strong>, \u0111\u01b0\u1ee3c ra \u0111\u1eddi v\u00e0o n\u0103m 1953 \u0111\u1ec3 ch\u00fac m\u1eebng l\u1ec5 \u0111\u0103ng quang c\u1ee7a N\u1eef ho\u00e0ng Elizabeth II. Con s\u1ed1\u00a0<strong data-start=\"1499\" data-end=\"1505\">21<\/strong>\u00a0kh\u00f4ng ch\u1ec9 \u0111\u1ea1i di\u1ec7n cho s\u1ed1 n\u0103m \u1ee7 t\u1ed1i thi\u1ec3u c\u1ee7a r\u01b0\u1ee3u, m\u00e0 c\u00f2n t\u01b0\u1ee3ng tr\u01b0ng cho\u00a0<strong data-start=\"1581\" data-end=\"1624\">21 ph\u00e1t \u0111\u1ea1i b\u00e1c ch\u00e0o m\u1eebng Ho\u00e0ng gia Anh<\/strong>\u00a0\u2013 nghi th\u1ee9c cao nh\u1ea5t th\u1ec3 hi\u1ec7n s\u1ef1 t\u00f4n k\u00ednh.<\/p>\n<p data-start=\"1669\" data-end=\"1998\">Phi\u00ean b\u1ea3n R\u01b0\u1ee3u\u00a0<strong>Chivas 21 H\u1ed9p Qu\u00e0 2026<\/strong>\u00a0l\u00e0\u00a0<strong data-start=\"1713\" data-end=\"1732\">\u1ea5n b\u1ea3n gi\u1edbi h\u1ea1n<\/strong>, \u0111\u01b0\u1ee3c Royal Salute ph\u00e1t h\u00e0nh ri\u00eang cho m\u00f9a T\u1ebft Nguy\u00ean \u0110\u00e1n, mang ch\u1ee7 \u0111\u1ec1\u00a0<strong data-start=\"1804\" data-end=\"1839\">\u201cTh\u01b0\u1edfng ngo\u1ea1n m\u1ef9 c\u1ea3nh t\u00e2n xu\u00e2n\u201d<\/strong>. \u0110\u00e2y kh\u00f4ng \u0111\u01a1n thu\u1ea7n l\u00e0 m\u1ed9t chai whisky 21 n\u0103m tu\u1ed5i, m\u00e0 l\u00e0 m\u1ed9t\u00a0<strong data-start=\"1903\" data-end=\"1930\">t\u00e1c ph\u1ea9m ngh\u1ec7 thu\u1eadt T\u1ebft<\/strong>, k\u1ebft n\u1ed1i tinh th\u1ea7n ho\u00e0ng gia ph\u01b0\u01a1ng T\u00e2y v\u1edbi n\u00e9t \u0111\u1eb9p v\u0103n h\u00f3a \u00c1 \u0110\u00f4ng.<\/p>\n<p data-start=\"2132\" data-end=\"2469\">\u0110i\u1ec3m nh\u1ea5n n\u1ed5i b\u1eadt c\u1ee7a R\u01b0\u1ee3u\u00a0<strong>Chivas 21 H\u1ed9p Qu\u00e0 2026<\/strong>\u00a0ch\u00ednh l\u00e0\u00a0<strong data-start=\"2195\" data-end=\"2231\">t\u00f4ng xanh ho\u00e0ng gia (Royal Blue)<\/strong>\u00a0\u2013 m\u00e0u s\u1eafc bi\u1ec3u tr\u01b0ng cho quy\u1ec1n l\u1ef1c, tr\u00ed tu\u1ec7, s\u1ef1 b\u1ec1n v\u1eefng v\u00e0 tr\u01b0\u1eddng t\u1ed3n. Tr\u00ean n\u1ec1n xanh s\u00e2u th\u1eb3m \u1ea5y, c\u00e1c chi ti\u1ebft\u00a0<strong data-start=\"2344\" data-end=\"2382\">v\u00e0ng \u00e1nh kim, \u0111\u1ecf son v\u00e0 cam r\u1ef1c r\u1ee1<\/strong>\u00a0\u0111\u01b0\u1ee3c ph\u1ed1i h\u1ee3p tinh t\u1ebf, t\u1ea1o n\u00ean t\u1ed5ng th\u1ec3 v\u1eeba sang tr\u1ecdng v\u1eeba tr\u00e0n \u0111\u1ea7y sinh kh\u00ed m\u00f9a xu\u00e2n.<\/p>\n<p data-start=\"2520\" data-end=\"2703\">Trung t\u00e2m thi\u1ebft k\u1ebf l\u00e0\u00a0<strong data-start=\"2542\" data-end=\"2569\">\u0111\u00f4i s\u01b0 t\u1eed v\u00e0ng \u0111\u1ed1i x\u1ee9ng<\/strong>\u00a0\u2013 bi\u1ec3u tr\u01b0ng cho s\u1ee9c m\u1ea1nh, s\u1ef1 b\u1ea3o h\u1ed9 v\u00e0 tinh th\u1ea7n ho\u00e0ng gia b\u1ec1n v\u1eefng. Bao quanh l\u00e0 nh\u1eefng h\u00ecnh \u1ea3nh quen thu\u1ed9c c\u1ee7a T\u1ebft ph\u01b0\u01a1ng \u0110\u00f4ng nh\u01b0:<\/p>\n<ul data-start=\"2705\" data-end=\"2980\">\n<li data-start=\"2705\" data-end=\"2780\">\n<p data-start=\"2707\" data-end=\"2780\"><strong data-start=\"2707\" data-end=\"2722\">Hoa m\u1eabu \u0111\u01a1n<\/strong>: t\u01b0\u1ee3ng tr\u01b0ng cho ph\u00fa qu\u00fd, t\u00e0i l\u1ed9c v\u00e0 h\u1ea1nh ph\u00fac vi\u00ean m\u00e3n<\/p>\n<\/li>\n<li data-start=\"2781\" data-end=\"2846\">\n<p data-start=\"2783\" data-end=\"2846\"><strong data-start=\"2783\" data-end=\"2794\">Hoa \u0111\u00e0o<\/strong>: bi\u1ec3u tr\u01b0ng cho kh\u1edfi \u0111\u1ea7u m\u1edbi, sinh kh\u00ed v\u00e0 may m\u1eafn<\/p>\n<\/li>\n<li data-start=\"2847\" data-end=\"2898\">\n<p data-start=\"2849\" data-end=\"2898\"><strong data-start=\"2849\" data-end=\"2861\">Chim h\u1ea1c<\/strong>: \u0111\u1ea1i di\u1ec7n cho tr\u01b0\u1eddng th\u1ecd, an khang<\/p>\n<\/li>\n<li data-start=\"2899\" data-end=\"2980\">\n<p data-start=\"2901\" data-end=\"2980\"><strong data-start=\"2901\" data-end=\"2925\">\u0110\u00e8n l\u1ed3ng &amp; b\u01b0\u1edbm xu\u00e2n<\/strong>: g\u1ee3i kh\u00f4ng kh\u00ed \u0111o\u00e0n vi\u00ean, l\u1ec5 h\u1ed9i v\u00e0 ni\u1ec1m vui \u0111\u1ea7u n\u0103m<\/p>\n<\/li>\n<\/ul>\n<p data-start=\"2982\" data-end=\"3131\">T\u1ea5t c\u1ea3 h\u00f2a quy\u1ec7n \u0111\u1ec3 t\u1ea1o n\u00ean b\u1ee9c tranh\u00a0<strong data-start=\"3020\" data-end=\"3042\">\u201cm\u1ef9 c\u1ea3nh t\u00e2n xu\u00e2n\u201d<\/strong>, v\u1eeba r\u1ef1c r\u1ee1 phong th\u1ee7y, v\u1eeba gi\u1eef \u0111\u01b0\u1ee3c v\u1ebb thanh l\u1ecbch, qu\u00fd ph\u00e1i \u0111\u1eb7c tr\u01b0ng c\u1ee7a Royal Salute.<\/p>\n<p data-start=\"3992\" data-end=\"4287\">Royal Salute 21 \u0111\u01b0\u1ee3c t\u1ea1o n\u00ean t\u1eeb nh\u1eefng d\u00f2ng\u00a0<strong data-start=\"4035\" data-end=\"4080\">whisky m\u1ea1ch nha v\u00e0 whisky ng\u0169 c\u1ed1c cao c\u1ea5p<\/strong>, \u0111\u01b0\u1ee3c \u1ee7\u00a0<strong data-start=\"4089\" data-end=\"4109\">t\u1ed1i thi\u1ec3u 21 n\u0103m<\/strong>\u00a0trong c\u00e1c th\u00f9ng g\u1ed7 s\u1ed3i tuy\u1ec3n ch\u1ecdn. T\u1eebng th\u00f9ng r\u01b0\u1ee3u \u0111\u1ec1u \u0111\u01b0\u1ee3c l\u1ef1a ch\u1ecdn th\u1ee7 c\u00f4ng b\u1edfi c\u00e1c\u00a0<strong data-start=\"4196\" data-end=\"4214\">Master Blender<\/strong>, \u0111\u1ea3m b\u1ea3o \u0111\u1ea1t \u0111\u1ebfn s\u1ef1 c\u00e2n b\u1eb1ng ho\u00e0n h\u1ea3o v\u1ec1 c\u1ea5u tr\u00fac, h\u01b0\u01a1ng th\u01a1m v\u00e0 h\u1eadu v\u1ecb.<\/p>\n<ul data-start=\"4289\" data-end=\"4456\">\n<li data-start=\"4289\" data-end=\"4375\">\n<p data-start=\"4291\" data-end=\"4375\"><strong data-start=\"4291\" data-end=\"4312\">Th\u00f9ng s\u1ed3i ch\u00e2u \u00c2u<\/strong>: mang \u0111\u1ebfn h\u01b0\u01a1ng v\u1ecb \u0111\u1eadm \u0111\u00e0, tr\u00e1i c\u00e2y kh\u00f4, gia v\u1ecb v\u00e0 chi\u1ec1u s\u00e2u<\/p>\n<\/li>\n<li data-start=\"4376\" data-end=\"4456\">\n<p data-start=\"4378\" data-end=\"4456\"><strong data-start=\"4378\" data-end=\"4394\">Th\u00f9ng s\u1ed3i M\u1ef9<\/strong>: b\u1ed5 sung s\u1ef1 ng\u1ecdt ng\u00e0o, m\u01b0\u1ee3t m\u00e0 v\u1edbi vani, caramel v\u00e0 m\u1eadt ong<\/p>\n<\/li>\n<\/ul>\n<p data-start=\"4458\" data-end=\"4608\">S\u1ef1 k\u1ebft h\u1ee3p n\u00e0y t\u1ea1o n\u00ean m\u1ed9t d\u00f2ng whisky\u00a0<strong data-start=\"4497\" data-end=\"4533\">tr\u00f2n v\u1ecb \u2013 m\u1ec1m m\u1ea1i \u2013 tr\u01b0\u1edfng th\u00e0nh<\/strong>, v\u1eeba c\u1ed5 \u0111i\u1ec3n v\u1eeba hi\u1ec7n \u0111\u1ea1i, th\u1ec3 hi\u1ec7n tr\u1ecdn v\u1eb9n tinh th\u1ea7n ho\u00e0ng gia Scotland.<\/p>\n<p data-start=\"4675\" data-end=\"4784\">R\u01b0\u1ee3u\u00a0<strong>Chivas 21 H\u1ed9p Qu\u00e0 2026\u00a0<\/strong>mang m\u00e0u h\u1ed5 ph\u00e1ch v\u00e0ng \u00f3ng \u00e1nh nh\u01b0 m\u1eadt ong, ph\u1ea3n \u00e1nh r\u00f5 tu\u1ed5i \u0111\u1eddi v\u00e0 s\u1ef1 t\u01b0\u01a1ng t\u00e1c s\u00e2u s\u1eafc v\u1edbi th\u00f9ng g\u1ed7 s\u1ed3i su\u1ed1t 21 n\u0103m.<\/p>\n<p data-start=\"4801\" data-end=\"4984\">Ngay khi m\u1edf n\u1eafp, h\u01b0\u01a1ng th\u01a1m lan t\u1ecfa nh\u1eb9 nh\u00e0ng v\u1edbi c\u00e1c n\u1ed1t\u00a0<strong data-start=\"4859\" data-end=\"4915\">l\u00ea ch\u00edn, cam qu\u00fdt, m\u1eadt ong, h\u1ea1nh nh\u00e2n v\u00e0 hoa m\u00f9a thu<\/strong>, \u0111i\u1ec3m xuy\u1ebft\u00a0<strong data-start=\"4928\" data-end=\"4983\">vani, g\u1ed7 s\u1ed3i kh\u00f4 v\u00e0 ch\u00fat Sherry trong l\u00e0n kh\u00f3i m\u1ecfng<\/strong>.<\/p>\n<p data-start=\"4998\" data-end=\"5159\">Tr\u00ean v\u00f2m mi\u1ec7ng, r\u01b0\u1ee3u m\u1edf ra t\u1ea7ng v\u1ecb\u00a0<strong data-start=\"5033\" data-end=\"5063\">m\u1ee9t cam, l\u00ea t\u01b0\u01a1i, t\u00e1o ch\u00edn<\/strong>, ti\u1ebfp n\u1ed1i b\u1eb1ng\u00a0<strong data-start=\"5079\" data-end=\"5103\">gia v\u1ecb \u1ea5m v\u00e0 h\u1ea1t ph\u1ec9<\/strong>, mang l\u1ea1i c\u1ea3m gi\u00e1c \u0111\u1ea7y \u0111\u1eb7n nh\u01b0ng v\u1eabn m\u01b0\u1ee3t m\u00e0, c\u00e2n b\u1eb1ng.<\/p>\n<p data-start=\"5172\" data-end=\"5289\">H\u1eadu v\u1ecb k\u00e9o d\u00e0i, kh\u00f4 nh\u1eb9 v\u00e0 cay n\u1ed3ng tinh t\u1ebf, v\u1edbi\u00a0<strong data-start=\"5221\" data-end=\"5241\">l\u00e0n kh\u00f3i m\u1ec1m m\u1ea1i<\/strong>\u00a0v\u01b0\u01a1ng v\u1ea5n, \u0111\u1ec3 l\u1ea1i d\u01b0 \u00e2m s\u00e2u l\u1eafng v\u00e0 sang tr\u1ecdng.<\/p>\n<p data-start=\"5291\" data-end=\"5479\">Royal Salute 21 l\u00e0 d\u00f2ng whisky l\u00fd t\u01b0\u1edfng \u0111\u1ec3 th\u01b0\u1edfng th\u1ee9c trong nh\u1eefng kho\u1ea3nh kh\u1eafc \u0111o\u00e0n vi\u00ean \u0111\u1ea7u n\u0103m, khi h\u01b0\u01a1ng T\u1ebft lan t\u1ecfa v\u00e0 nh\u1eefng l\u1eddi ch\u00fac ph\u00fac \u0111\u01b0\u1ee3c trao g\u1eedi b\u00ean ly r\u01b0\u1ee3u s\u00f3ng s\u00e1nh s\u1eafc v\u00e0ng.<\/p>\n","protected":false},"excerpt":{"rendered":"<table>\n<tbody>\n<tr>\n<td width=\"229\">Th\u01b0\u01a1ng hi\u1ec7u:Dung T\u00edch:<\/p>\n<p>\u0110\u1ed9 M\u1ea1nh:<\/p>\n<p>Tu\u1ed5i R\u01b0\u1ee3u:<\/p>\n<p>Ph\u00e2n Lo\u1ea1i:<\/p>\n<p>Xu\u1ea5t X\u1ee9:<\/td>\n<td width=\"243\">Chivas700ml<\/p>\n<p>40%<\/p>\n<p>21 N\u0103m<\/p>\n<p>Blended Scotch Whisky<\/p>\n<p>Scotland<\/td>\n<\/tr>\n<\/tbody>\n<\/table>\n","protected":false},"featured_media":1134,"comment_status":"open","ping_status":"closed","template":"","meta":[],"_links":{"self":[{"href":"https:\/\/sammarco.vn\/index.php?rest_route=\/wp\/v2\/product\/1133"}],"collection":[{"href":"https:\/\/sammarco.vn\/index.php?rest_route=\/wp\/v2\/product"}],"about":[{"href":"https:\/\/sammarco.vn\/index.php?rest_route=\/wp\/v2\/types\/product"}],"replies":[{"embeddable":true,"href":"https:\/\/sammarco.vn\/index.php?rest_route=%2Fwp%2Fv2%2Fcomments&post=1133"}],"wp:featuredmedia":[{"embeddable":true,"href":"https:\/\/sammarco.vn\/index.php?rest_route=\/wp\/v2\/media\/1134"}],"wp:attachment":[{"href":"https:\/\/sammarco.vn\/index.php?rest_route=%2Fwp%2Fv2%2Fmedia&parent=1133"}],"curies":[{"name":"wp","href":"https:\/\/api.w.org\/{rel}","templated":true}]}}