{"id":1130,"date":"2026-03-02T07:18:09","date_gmt":"2026-03-02T07:18:09","guid":{"rendered":"https:\/\/sammarco.vn\/?post_type=product&#038;p=1130"},"modified":"2026-03-02T07:18:10","modified_gmt":"2026-03-02T07:18:10","slug":"chivas-regal-18-blue-signature","status":"publish","type":"product","link":"https:\/\/sammarco.vn\/?product=chivas-regal-18-blue-signature","title":{"rendered":"Chivas Regal 18 Blue Signature"},"content":{"rendered":"<p data-end=\"741\" data-start=\"376\">K\u1ec3 t\u1eeb n\u0103m\u00a0<strong data-end=\"394\" data-start=\"386\">1801<\/strong>, th\u01b0\u01a1ng hi\u1ec7u\u00a0<strong data-end=\"424\" data-start=\"408\">Chivas Regal<\/strong>\u00a0\u0111\u00e3 tr\u1edf th\u00e0nh bi\u1ec3u t\u01b0\u1ee3ng c\u1ee7a\u00a0<strong data-end=\"492\" data-start=\"453\">s\u1ef1 sang tr\u1ecdng, tinh t\u1ebf v\u00e0 quy\u1ec1n l\u1ef1c<\/strong>\u00a0trong th\u1ebf gi\u1edbi whisky.<br data-end=\"518\" data-start=\"515\" \/>\u0110\u01b0\u1ee3c s\u00e1ng l\u1eadp b\u1edfi hai anh em\u00a0<strong data-end=\"571\" data-start=\"547\">James v\u00e0 John Chivas<\/strong>, nh\u00e0 Chivas Brothers nhanh ch\u00f3ng ghi d\u1ea5u \u1ea5n v\u1edbi nh\u1eefng d\u00f2ng whisky pha tr\u1ed9n (Blended Scotch Whisky) tinh t\u1ebf b\u1eadc nh\u1ea5t, chinh ph\u1ee5c gi\u1edbi qu\u00fd t\u1ed9c Anh v\u00e0 Ho\u00e0ng gia Anh Qu\u1ed1c.<\/p>\n<p data-end=\"931\" data-start=\"743\">Tr\u1ea3i qua h\u01a1n\u00a0<strong data-end=\"781\" data-start=\"756\">hai th\u1ebf k\u1ef7 ph\u00e1t tri\u1ec3n<\/strong>, Chivas Regal ng\u00e0y nay kh\u00f4ng ch\u1ec9 l\u00e0 m\u1ed9t th\u01b0\u01a1ng hi\u1ec7u r\u01b0\u1ee3u \u2013 m\u00e0 c\u00f2n l\u00e0\u00a0<strong data-end=\"874\" data-start=\"851\">m\u1ed9t phong c\u00e1ch s\u1ed1ng<\/strong>, bi\u1ec3u tr\u01b0ng cho\u00a0<strong data-end=\"929\" data-start=\"891\">s\u1ef1 th\u00e0nh \u0111\u1ea1t, \u0111\u1eb3ng c\u1ea5p v\u00e0 t\u1ea7m v\u00f3c.<\/strong><\/p>\n<p data-end=\"1158\" data-start=\"933\">Trong s\u1ed1 c\u00e1c d\u00f2ng whisky th\u01b0\u1ee3ng h\u1ea1ng c\u1ee7a Chivas, phi\u00ean b\u1ea3n\u00a0<strong data-end=\"1036\" data-start=\"992\">Chivas Regal 18 Years Old Blue Signature<\/strong>\u00a0l\u00e0 m\u1ed9t tuy\u1ec7t t\u00e1c \u2013 \u0111\u01b0\u1ee3c ch\u1ebf t\u00e1c th\u1ee7 c\u00f4ng v\u1edbi \u0111\u1ed9 tinh x\u1ea3o cao, d\u00e0nh ri\u00eang cho th\u1ecb tr\u01b0\u1eddng ch\u00e2u \u00c1 v\u00e0 \u0111\u1eb7c bi\u1ec7t l\u00e0 Vi\u1ec7t Nam.<\/p>\n<p data-end=\"1579\" data-start=\"1351\"><strong data-end=\"1387\" data-start=\"1351\">Chivas Regal 18YO Blue Signature<\/strong>\u00a0l\u00e0 phi\u00ean b\u1ea3n \u0111\u1eb7c bi\u1ec7t c\u1ee7a d\u00f2ng\u00a0<strong data-end=\"1441\" data-start=\"1419\">Chivas 18 n\u0103m tu\u1ed5i<\/strong>, \u0111\u01b0\u1ee3c ho\u00e0n thi\u1ec7n v\u00e0 \u0111\u00f3ng chai trong\u00a0<strong data-end=\"1513\" data-start=\"1478\">thi\u1ebft k\u1ebf xanh sapphire huy\u1ec1n b\u00ed<\/strong>\u00a0\u2013 bi\u1ec3u t\u01b0\u1ee3ng c\u1ee7a quy\u1ec1n l\u1ef1c, s\u1ef1 tinh t\u1ebf v\u00e0 sang tr\u1ecdng tuy\u1ec7t \u0111\u1ed1i.<\/p>\n<p data-end=\"1812\" data-start=\"1581\">Kh\u00f4ng ch\u1ec9 mang h\u01b0\u01a1ng v\u1ecb \u0111\u1ec9nh cao c\u1ee7a d\u00f2ng Chivas 18 truy\u1ec1n th\u1ed1ng,\u00a0<strong data-end=\"1665\" data-start=\"1647\">Blue Signature<\/strong>\u00a0c\u00f2n \u0111\u01b0\u1ee3c ph\u1ed1i tr\u1ed9n tinh t\u1ebf t\u1eeb h\u01a1n\u00a0<strong data-end=\"1738\" data-start=\"1700\">20 lo\u1ea1i whisky m\u1ea1ch nha v\u00e0 ng\u0169 c\u1ed1c<\/strong>\u00a0\u0111\u01b0\u1ee3c \u1ee7 \u00edt nh\u1ea5t\u00a0<strong data-end=\"1764\" data-start=\"1754\">18 n\u0103m<\/strong>\u00a0trong c\u00e1c th\u00f9ng g\u1ed7 s\u1ed3i qu\u00fd hi\u1ebfm c\u1ee7a Scotland.<\/p>\n<p data-end=\"1988\" data-start=\"1814\">\u0110\u00e2y l\u00e0\u00a0<strong data-end=\"1854\" data-start=\"1821\">phi\u00ean b\u1ea3n \u201cVietnam Exclusive\u201d<\/strong>\u00a0\u2013 ngh\u0129a l\u00e0\u00a0<strong data-end=\"1918\" data-start=\"1866\">ch\u1ec9 ph\u00e1t h\u00e0nh d\u00e0nh ri\u00eang cho th\u1ecb tr\u01b0\u1eddng Vi\u1ec7t Nam<\/strong>, nh\u1eb1m t\u00f4n vinh\u00a0<strong data-end=\"1988\" data-start=\"1934\">gu th\u01b0\u1edfng th\u1ee9c tinh t\u1ebf v\u00e0 \u0111\u1eb3ng c\u1ea5p c\u1ee7a ng\u01b0\u1eddi Vi\u1ec7t.<\/strong><\/p>\n<p data-end=\"3257\" data-start=\"3162\">Chai\u00a0<strong data-end=\"3203\" data-start=\"3167\">Chivas Regal 18YO Blue Signature<\/strong>\u00a0l\u00e0 m\u1ed9t ki\u1ec7t t\u00e1c thi\u1ebft k\u1ebf mang \u0111\u1eadm phong c\u00e1ch qu\u00fd t\u1ed9c:<\/p>\n<ul data-end=\"3698\" data-start=\"3259\">\n<li data-end=\"3365\" data-start=\"3259\">\n<p data-end=\"3365\" data-start=\"3261\"><strong data-end=\"3307\" data-start=\"3261\">Th\u00e2n chai b\u1eb1ng th\u1ee7y tinh m\u00e0u xanh sapphire<\/strong>\u00a0sang tr\u1ecdng, g\u1ee3i li\u00ean t\u01b0\u1edfng \u0111\u1ebfn vi\u00ean ng\u1ecdc qu\u00fd quy\u1ec1n l\u1ef1c.<\/p>\n<\/li>\n<li data-end=\"3452\" data-start=\"3366\">\n<p data-end=\"3452\" data-start=\"3368\"><strong data-end=\"3388\" data-start=\"3368\">Logo b\u1ea1c \u00e1nh kim<\/strong>\u00a0in n\u1ed5i gi\u1eefa th\u00e2n chai, t\u1ea1o n\u00ean \u0111i\u1ec3m nh\u1ea5n m\u1ea1nh m\u1ebd v\u00e0 \u0111\u1eb3ng c\u1ea5p.<\/p>\n<\/li>\n<li data-end=\"3562\" data-start=\"3453\">\n<p data-end=\"3562\" data-start=\"3455\"><strong data-end=\"3489\" data-start=\"3455\">N\u1eafp chai b\u1ea1c kh\u1eafc n\u1ed5i tinh x\u1ea3o<\/strong>, ph\u1ea3n chi\u1ebfu \u00e1nh s\u00e1ng l\u1ea5p l\u00e1nh \u2013 bi\u1ec3u tr\u01b0ng cho s\u1ef1 ho\u00e0n h\u1ea3o v\u00e0 cao qu\u00fd.<\/p>\n<\/li>\n<li data-end=\"3698\" data-start=\"3563\">\n<p data-end=\"3698\" data-start=\"3565\">T\u1ed5ng th\u1ec3 mang n\u00e9t\u00a0<strong data-end=\"3612\" data-start=\"3583\">v\u1eeba c\u1ed5 \u0111i\u1ec3n, v\u1eeba hi\u1ec7n \u0111\u1ea1i<\/strong>, th\u1ec3 hi\u1ec7n r\u00f5 tinh th\u1ea7n \u201cblue signature\u201d \u2013 \u0111\u1ed9c b\u1ea3n, kh\u00e1c bi\u1ec7t v\u00e0 sang tr\u1ecdng tuy\u1ec7t \u0111\u1ed1i.<\/p>\n<\/li>\n<\/ul>\n<h4 data-end=\"3796\" data-start=\"3777\"><strong data-end=\"3794\" data-start=\"3782\">M\u00e0u s\u1eafc: <\/strong>H\u1ed5 ph\u00e1ch s\u1eadm pha \u00e1nh \u0111\u1ed3ng \u0111\u1ecf \u2013 d\u1ea5u hi\u1ec7u c\u1ee7a s\u1ef1 tr\u01b0\u1edfng th\u00e0nh v\u00e0 tinh t\u00fay qua th\u1eddi gian.<\/h4>\n<h4 data-end=\"3914\" data-start=\"3885\"><strong data-end=\"3912\" data-start=\"3890\">H\u01b0\u01a1ng th\u01a1m (Nose): <\/strong>H\u00f2a quy\u1ec7n h\u01b0\u01a1ng\u00a0<strong data-end=\"3979\" data-start=\"3931\">socola \u0111en, k\u1eb9o b\u01a1 c\u1ee9ng, cam caramel v\u00e0 vani<\/strong>, \u0111i\u1ec3m ch\u00fat\u00a0<strong data-end=\"4022\" data-start=\"3991\">g\u1ed7 s\u1ed3i gi\u00e0 v\u00e0 tr\u00e1i c\u00e2y ch\u00edn<\/strong>.<br data-end=\"4026\" data-start=\"4023\" \/>M\u1ed9t m\u00f9i h\u01b0\u01a1ng \u1ea5m \u00e1p, s\u00e2u l\u1eafng v\u00e0 quy\u1ebfn r\u0169 ngay t\u1eeb gi\u00e2y \u0111\u1ea7u ti\u00ean.<\/h4>\n<h4 data-end=\"4120\" data-start=\"4092\"><strong data-end=\"4118\" data-start=\"4097\">V\u1ecb r\u01b0\u1ee3u (Palate): <\/strong>\u00cam d\u1ecbu, d\u00e0y d\u1eb7n v\u00e0 tr\u00f2n \u0111\u1ea7y. L\u1edbp v\u1ecb \u0111\u1ea7u l\u00e0\u00a0<strong data-end=\"4207\" data-start=\"4166\">m\u1eadt ong, nho kh\u00f4, h\u1ea1nh nh\u00e2n v\u00e0 cam \u0111\u1ecf<\/strong>, k\u1ebf \u0111\u1ebfn l\u00e0\u00a0<strong data-end=\"4247\" data-start=\"4219\">socola \u0111en v\u00e0 gia v\u1ecb nh\u1eb9<\/strong>\u00a0t\u1eeb g\u1ed7 s\u1ed3i, t\u1ea1o n\u00ean chi\u1ec1u s\u00e2u ph\u1ee9c h\u1ee3p \u0111\u1eb7c tr\u01b0ng m\u00e0 ch\u1ec9 Chivas 18 m\u1edbi c\u00f3.<br data-end=\"4323\" data-start=\"4320\" \/>R\u01b0\u1ee3u lan t\u1ecfa tr\u00ean \u0111\u1ea7u l\u01b0\u1ee1i v\u1edbi c\u1ea3m gi\u00e1c\u00a0<strong data-end=\"4389\" data-start=\"4363\">\u1ea5m, ng\u1ecdt v\u00e0 sang tr\u1ecdng<\/strong>.<\/h4>\n<h4 data-end=\"4419\" data-start=\"4392\"><strong data-end=\"4417\" data-start=\"4397\">H\u1eadu v\u1ecb (Finish): <\/strong>D\u00e0i, \u00eam v\u00e0 l\u01b0u luy\u1ebfn, \u0111\u1ecdng l\u1ea1i d\u01b0 v\u1ecb\u00a0<strong data-end=\"4486\" data-start=\"4457\">vanilla, k\u1eb9o b\u01a1 v\u00e0 socola<\/strong>, g\u1ee3i nh\u1edb \u0111\u1ebfn\u00a0<strong data-end=\"4536\" data-start=\"4500\">s\u1ef1 ho\u00e0n m\u1ef9 c\u1ee7a t\u1eebng kho\u1ea3nh kh\u1eafc.<\/strong><\/h4>\n","protected":false},"excerpt":{"rendered":"<ul>\n<li><span class=\"label\">Lo\u1ea1i vang: <\/span><span class=\"gia-tri\">Blended Scotch<\/span><\/li>\n<li><span class=\"label\">Xu\u1ea5t x\u1ee9: Scotland<\/span><\/li>\n<li><span class=\"label\">Dung t\u00edch: <\/span><span class=\"gia-tri\">700ml<\/span><\/li>\n<li><span class=\"label\">N\u1ed3ng \u0111\u1ed9: <\/span><span class=\"gia-tri\">40 \u0111<\/span><\/li>\n<\/ul>\n","protected":false},"featured_media":1131,"comment_status":"open","ping_status":"closed","template":"","meta":[],"_links":{"self":[{"href":"https:\/\/sammarco.vn\/index.php?rest_route=\/wp\/v2\/product\/1130"}],"collection":[{"href":"https:\/\/sammarco.vn\/index.php?rest_route=\/wp\/v2\/product"}],"about":[{"href":"https:\/\/sammarco.vn\/index.php?rest_route=\/wp\/v2\/types\/product"}],"replies":[{"embeddable":true,"href":"https:\/\/sammarco.vn\/index.php?rest_route=%2Fwp%2Fv2%2Fcomments&post=1130"}],"wp:featuredmedia":[{"embeddable":true,"href":"https:\/\/sammarco.vn\/index.php?rest_route=\/wp\/v2\/media\/1131"}],"wp:attachment":[{"href":"https:\/\/sammarco.vn\/index.php?rest_route=%2Fwp%2Fv2%2Fmedia&parent=1130"}],"curies":[{"name":"wp","href":"https:\/\/api.w.org\/{rel}","templated":true}]}}