{"id":1117,"date":"2026-03-02T06:57:50","date_gmt":"2026-03-02T06:57:50","guid":{"rendered":"https:\/\/sammarco.vn\/?post_type=product&#038;p=1117"},"modified":"2026-03-02T07:01:26","modified_gmt":"2026-03-02T07:01:26","slug":"1117","status":"publish","type":"product","link":"https:\/\/sammarco.vn\/?product=1117","title":{"rendered":"The Macallan Double Cask 15 Years Old"},"content":{"rendered":"<p class=\"ai-optimize-33\">The Macallan l\u00e0 m\u1ed9t trong nh\u1eefng t\u00ean tu\u1ed5i n\u1ed5i b\u1eadt trong ng\u00e0nh s\u1ea3n xu\u1ea5t r\u01b0\u1ee3u whisky, \u0111\u1eb7c bi\u1ec7t l\u00e0 d\u00f2ng Single Malt Scotch Whisky. V\u1edbi l\u1ecbch s\u1eed l\u00e2u d\u00e0i v\u00e0 uy t\u00edn, Macallan \u0111\u00e3 tr\u1edf th\u00e0nh bi\u1ec3u t\u01b0\u1ee3ng c\u1ee7a ch\u1ea5t l\u01b0\u1ee3ng v\u00e0 s\u1ef1 tinh t\u1ebf trong ng\u00e0nh c\u00f4ng nghi\u1ec7p whisky.<\/p>\n<p class=\"ai-optimize-35\">The Macallan \u0111\u01b0\u1ee3c th\u00e0nh l\u1eadp v\u00e0o n\u0103m 1824 b\u1edfi Alexander Reid t\u1ea1i Craigellachie, m\u1ed9t v\u00f9ng \u0111\u1ea5t n\u1ed5i ti\u1ebfng n\u1eb1m trong v\u00f9ng Speyside c\u1ee7a Scotland, n\u01a1i l\u00fd t\u01b0\u1edfng cho vi\u1ec7c s\u1ea3n xu\u1ea5t r\u01b0\u1ee3u whisky do \u0111\u1eb7c tr\u01b0ng kh\u00ed h\u1eadu v\u00e0 \u0111\u1ea5t \u0111ai. Ban \u0111\u1ea7u, Macallan l\u00e0 m\u1ed9t nh\u00e0 m\u00e1y s\u1ea3n xu\u1ea5t r\u01b0\u1ee3u whisky nh\u1ecf, ph\u1ee5c v\u1ee5 cho nhu c\u1ea7u c\u1ee7a th\u1ecb tr\u01b0\u1eddng \u0111\u1ecba ph\u01b0\u01a1ng. T\u00ean \u201cMacallan\u201d \u0111\u01b0\u1ee3c l\u1ea5y t\u1eeb t\u1eeb \u201cMagh Eilean\u201d, c\u00f3 ngh\u0129a l\u00e0 \u201cc\u00e1nh \u0111\u1ed3ng c\u1ee7a Eilean\u201d trong ti\u1ebfng Gaelic, g\u1ee3i nh\u1edb v\u1ec1 ngu\u1ed3n g\u1ed1c c\u1ee7a v\u00f9ng \u0111\u1ea5t n\u01a1i nh\u00e0 m\u00e1y \u0111\u01b0\u1ee3c x\u00e2y d\u1ef1ng.<\/p>\n<p class=\"ai-optimize-37\">Trong su\u1ed1t th\u1ebf k\u1ef7 19, The Macallan ph\u00e1t tri\u1ec3n m\u1ea1nh m\u1ebd nh\u1edd v\u00e0o s\u1ef1 \u1ee7ng h\u1ed9 c\u1ee7a nh\u1eefng ng\u01b0\u1eddi y\u00eau th\u00edch whisky v\u00e0 s\u1ef1 n\u1ed5i b\u1eadt trong c\u1ed9ng \u0111\u1ed3ng s\u1ea3n xu\u1ea5t r\u01b0\u1ee3u t\u1ea1i v\u00f9ng Speyside. N\u0103m 1892, Macallan \u0111\u01b0\u1ee3c c\u1ea5p gi\u1ea5y ph\u00e9p ch\u00ednh th\u1ee9c \u0111\u1ec3 ho\u1ea1t \u0111\u1ed9ng, \u0111\u00e1nh d\u1ea5u m\u1ed9t c\u1ed9t m\u1ed1c quan tr\u1ecdng trong l\u1ecbch s\u1eed c\u1ee7a th\u01b0\u01a1ng hi\u1ec7u n\u00e0y. Th\u01b0\u01a1ng hi\u1ec7u b\u1eaft \u0111\u1ea7u x\u00e2y d\u1ef1ng danh ti\u1ebfng v\u1ec1 ch\u1ea5t l\u01b0\u1ee3ng, \u0111\u1eb7c bi\u1ec7t l\u00e0 vi\u1ec7c s\u1eed d\u1ee5ng th\u00f9ng g\u1ed7 s\u1ed3i Oloroso Sherry \u0111\u1ec3 \u1ee7 r\u01b0\u1ee3u, \u0111i\u1ec1u n\u00e0y tr\u1edf th\u00e0nh m\u1ed9t y\u1ebfu t\u1ed1 \u0111\u1eb7c tr\u01b0ng v\u00e0 n\u1ed5i b\u1eadt c\u1ee7a Macallan.<\/p>\n<p class=\"ai-optimize-47\">Macallan 15 n\u0103m thu\u1ed9c d\u00f2ng Colour Collection, s\u1ea3n ph\u1ea9m n\u00e0y l\u00e0 m\u1ed9t v\u00ed d\u1ee5 \u0111i\u1ec3n h\u00ecnh c\u1ee7a quy tr\u00ecnh s\u1ea3n xu\u1ea5t whisky t\u1ec9 m\u1ec9 m\u00e0 The Macallan theo \u0111u\u1ed5i trong su\u1ed1t nhi\u1ec1u th\u1eadp k\u1ef7. C\u00e1c b\u01b0\u1edbc s\u1ea3n xu\u1ea5t ch\u00ednh bao g\u1ed3m:<\/p>\n<p class=\"ai-optimize-48\">Ch\u1ecdn l\u1ef1a m\u1ea1ch nha \u0111\u01a1n c\u1ea5t: Macallan s\u1eed d\u1ee5ng 100% m\u1ea1ch nha \u0111\u01a1n c\u1ea5t (single malt) trong qu\u00e1 tr\u00ecnh ch\u1ebf t\u00e1c, \u0111i\u1ec1u n\u00e0y gi\u00fap t\u1ea1o ra m\u1ed9t h\u01b0\u01a1ng v\u1ecb tinh khi\u1ebft, \u0111\u1eb7c tr\u01b0ng cho s\u1ea3n ph\u1ea9m.<\/p>\n<p class=\"ai-optimize-49\">\u1ee6 trong th\u00f9ng g\u1ed7 s\u1ed3i Oloroso Sherry: Qu\u00e1 tr\u00ecnh \u1ee7 r\u01b0\u1ee3u trong th\u00f9ng g\u1ed7 s\u1ed3i Oloroso Sherry l\u00e0 m\u1ed9t trong nh\u1eefng y\u1ebfu t\u1ed1 t\u1ea1o n\u00ean \u0111\u1eb7c tr\u01b0ng ri\u00eang c\u1ee7a Macallan. Th\u00f9ng s\u1ed3i Oloroso Sherry gi\u00fap r\u01b0\u1ee3u h\u1ea5p th\u1ee5 h\u01b0\u01a1ng v\u1ecb t\u1eeb g\u1ed7, c\u00f9ng v\u1edbi m\u00f9i v\u1ecb ng\u1ecdt ng\u00e0o t\u1eeb sherry, mang \u0111\u1ebfn cho r\u01b0\u1ee3u m\u1ed9t s\u1eafc th\u00e1i m\u00e0u h\u1ed5 ph\u00e1ch \u0111\u1eb7c tr\u01b0ng v\u00e0 h\u01b0\u01a1ng v\u1ecb \u0111\u1eadm \u0111\u00e0, phong ph\u00fa.<\/p>\n<p class=\"ai-optimize-50\">Th\u1eddi gian \u1ee7: R\u01b0\u1ee3u Macallan 15 n\u0103m \u0111\u01b0\u1ee3c \u1ee7 trong th\u00f9ng g\u1ed7 s\u1ed3i trong v\u00f2ng 15 n\u0103m. Qu\u00e1 tr\u00ecnh \u1ee7 l\u00e2u d\u00e0i gi\u00fap r\u01b0\u1ee3u ph\u00e1t tri\u1ec3n h\u01b0\u01a1ng v\u1ecb \u0111\u1eadm \u0111\u00e0, h\u00f2a quy\u1ec7n c\u00e1c y\u1ebfu t\u1ed1 tr\u00e1i c\u00e2y, gia v\u1ecb v\u00e0 g\u1ed7 s\u1ed3i, \u0111\u1ed3ng th\u1eddi gi\u00fap lo\u1ea1i b\u1ecf nh\u1eefng t\u1ea1p ch\u1ea5t kh\u00f4ng mong mu\u1ed1n.<\/p>\n<p class=\"ai-optimize-51\">C\u00f4ng th\u1ee9c s\u1ea3n xu\u1ea5t: Qu\u00e1 tr\u00ecnh ch\u01b0ng c\u1ea5t v\u00e0 \u1ee7 \u0111\u01b0\u1ee3c ki\u1ec3m so\u00e1t ch\u1eb7t ch\u1ebd \u0111\u1ec3 \u0111\u1ea3m b\u1ea3o m\u1ed7i gi\u1ecdt r\u01b0\u1ee3u \u0111\u1ec1u \u0111\u1ea1t \u0111\u1ebfn s\u1ef1 ho\u00e0n h\u1ea3o v\u1ec1 m\u1eb7t h\u01b0\u01a1ng v\u1ecb.<\/p>\n<p class=\"ai-optimize-53\">Macallan 15 n\u0103m \u2013 Colour Collection mang \u0111\u1ebfn m\u1ed9t tr\u1ea3i nghi\u1ec7m u\u1ed1ng \u0111\u1ea7y m\u00ea ho\u1eb7c v\u1edbi s\u1ef1 h\u00f2a quy\u1ec7n gi\u1eefa c\u00e1c t\u1ea7ng h\u01b0\u01a1ng v\u1ecb ph\u1ee9c t\u1ea1p. Sau \u0111\u00e2y l\u00e0 chi ti\u1ebft v\u1ec1 h\u01b0\u01a1ng v\u1ecb v\u00e0 c\u1ea3m nh\u1eadn khi th\u01b0\u1edfng th\u1ee9c:<\/p>\n<p class=\"ai-optimize-54\">M\u00e0u s\u1eafc: M\u00e0u s\u1eafc c\u1ee7a r\u01b0\u1ee3u l\u00e0 m\u1ed9t trong nh\u1eefng y\u1ebfu t\u1ed1 d\u1ec5 nh\u1eadn th\u1ea5y \u0111\u1ea7u ti\u00ean. V\u1edbi qu\u00e1 tr\u00ecnh \u1ee7 trong th\u00f9ng g\u1ed7 s\u1ed3i Oloroso Sherry, Macallan 15 n\u0103m c\u00f3 m\u00e0u h\u1ed5 ph\u00e1ch \u0111\u1eadm, \u0111\u1eb9p m\u1eaft v\u00e0 quy\u1ebfn r\u0169, khi\u1ebfn ng\u01b0\u1eddi th\u01b0\u1edfng th\u1ee9c ngay l\u1eadp t\u1ee9c c\u1ea3m nh\u1eadn \u0111\u01b0\u1ee3c s\u1ef1 sang tr\u1ecdng v\u00e0 \u0111\u1eb3ng c\u1ea5p.<\/p>\n<p class=\"ai-optimize-55\">H\u01b0\u01a1ng th\u01a1m: Khi m\u1edf n\u1eafp chai, Macallan 15 Year Old mang \u0111\u1ebfn m\u1ed9t h\u01b0\u01a1ng th\u01a1m \u0111\u1ea7y cu\u1ed1n h\u00fat v\u00e0 ph\u1ee9c t\u1ea1p. C\u00e1c t\u1ea7ng h\u01b0\u01a1ng \u0111\u1ea7u ti\u00ean th\u01b0\u1eddng l\u00e0 tr\u00e1i c\u00e2y kh\u00f4 nh\u01b0 m\u1eadn, nho kh\u00f4, v\u00e0 m\u01a1. Ti\u1ebfp \u0111\u1ebfn, c\u00f3 s\u1ef1 xu\u1ea5t hi\u1ec7n c\u1ee7a h\u01b0\u01a1ng m\u1eadt ong, vanilla, v\u00e0 g\u1ed7 s\u1ed3i. H\u01b0\u01a1ng th\u01a1m nh\u1eb9 nh\u00e0ng c\u1ee7a gia v\u1ecb nh\u1eb9, nh\u01b0 qu\u1ebf v\u00e0 g\u1eebng, c\u0169ng lan t\u1ecfa, t\u1ea1o ra m\u1ed9t m\u00f9i th\u01a1m \u1ea5m \u00e1p, d\u1ec5 ch\u1ecbu.<\/p>\n<p class=\"ai-optimize-56\">H\u01b0\u01a1ng v\u1ecb: Khi th\u01b0\u1edfng th\u1ee9c, b\u1ea1n s\u1ebd c\u1ea3m nh\u1eadn \u0111\u01b0\u1ee3c s\u1ef1 m\u1ec1m m\u01b0\u1ee3t c\u1ee7a r\u01b0\u1ee3u v\u1edbi m\u1ed9t h\u01b0\u01a1ng v\u1ecb ng\u1ecdt ng\u00e0o \u0111\u1eb7c tr\u01b0ng c\u1ee7a k\u1eb9o b\u01a1, s\u00f4-c\u00f4-la \u0111en, v\u00e0 tr\u00e1i c\u00e2y kh\u00f4 nh\u01b0 m\u1eadn, ch\u00e0 l\u00e0, c\u00f9ng v\u1edbi m\u1ed9t ch\u00fat h\u01b0\u01a1ng g\u1ed7 s\u1ed3i. C\u00e1c gia v\u1ecb nh\u01b0 g\u1eebng v\u00e0 qu\u1ebf mang l\u1ea1i m\u1ed9t ch\u00fat cay nh\u1eb9 nh\u00e0ng, t\u1ea1o n\u00ean m\u1ed9t h\u01b0\u01a1ng v\u1ecb kh\u00e1 ph\u1ee9c h\u1ee3p nh\u01b0ng r\u1ea5t h\u00e0i h\u00f2a.<\/p>\n<p class=\"ai-optimize-57\">H\u1eadu v\u1ecb: H\u1eadu v\u1ecb c\u1ee7a Macallan 15 n\u0103m k\u00e9o d\u00e0i, \u1ea5m \u00e1p v\u00e0 tr\u00f2n \u0111\u1ea7y. H\u01b0\u01a1ng v\u1ecb g\u1ed7 s\u1ed3i v\u00e0 gia v\u1ecb nh\u1eb9 nh\u00e0ng h\u00f2a quy\u1ec7n trong h\u1eadu v\u1ecb, mang l\u1ea1i c\u1ea3m gi\u00e1c th\u01b0 th\u00e1i v\u00e0 d\u1ec5 ch\u1ecbu. S\u1ef1 k\u1ebft th\u00fac c\u1ee7a r\u01b0\u1ee3u l\u00e0 m\u1ed9t s\u1ef1 c\u00e2n b\u1eb1ng ho\u00e0n h\u1ea3o gi\u1eefa ng\u1ecdt ng\u00e0o, cay nh\u1eb9 v\u00e0 g\u1ed7 s\u1ed3i, khi\u1ebfn ng\u01b0\u1eddi u\u1ed1ng mu\u1ed1n ti\u1ebfp t\u1ee5c th\u01b0\u1edfng th\u1ee9c.<\/p>\n","protected":false},"excerpt":{"rendered":"<p><strong>Xu\u1ea5t x\u1ee9<\/strong>: Scotland<br \/>\n<strong>V\u00f9ng<\/strong>: Speysid<br \/>\n<strong>Th\u01b0\u01a1ng hi\u1ec7u<\/strong>\u00a0: Macallan<br \/>\n<strong>Lo\u1ea1i r\u01b0\u01a1u<\/strong>\u00a0: Single Malt Scotch Whisky<br \/>\n<strong>Tu\u1ed5i r\u01b0\u1ee3u<\/strong>\u00a0: 15 n\u0103m<br \/>\n<strong>N\u1ed3ng \u0111\u1ed9<\/strong>: 43%<br \/>\n<strong>Dung t\u00edch<\/strong>: 700ml<\/p>\n","protected":false},"featured_media":1118,"comment_status":"open","ping_status":"closed","template":"","meta":[],"_links":{"self":[{"href":"https:\/\/sammarco.vn\/index.php?rest_route=\/wp\/v2\/product\/1117"}],"collection":[{"href":"https:\/\/sammarco.vn\/index.php?rest_route=\/wp\/v2\/product"}],"about":[{"href":"https:\/\/sammarco.vn\/index.php?rest_route=\/wp\/v2\/types\/product"}],"replies":[{"embeddable":true,"href":"https:\/\/sammarco.vn\/index.php?rest_route=%2Fwp%2Fv2%2Fcomments&post=1117"}],"wp:featuredmedia":[{"embeddable":true,"href":"https:\/\/sammarco.vn\/index.php?rest_route=\/wp\/v2\/media\/1118"}],"wp:attachment":[{"href":"https:\/\/sammarco.vn\/index.php?rest_route=%2Fwp%2Fv2%2Fmedia&parent=1117"}],"curies":[{"name":"wp","href":"https:\/\/api.w.org\/{rel}","templated":true}]}}