{"id":1114,"date":"2026-03-02T05:03:38","date_gmt":"2026-03-02T05:03:38","guid":{"rendered":"https:\/\/sammarco.vn\/?post_type=product&#038;p=1114"},"modified":"2026-03-02T05:03:39","modified_gmt":"2026-03-02T05:03:39","slug":"a50-amarone-della-valpolicella","status":"publish","type":"product","link":"https:\/\/sammarco.vn\/?product=a50-amarone-della-valpolicella","title":{"rendered":"A50 Amarone Della Valpolicella"},"content":{"rendered":"<p><b class=\"bs-fs-bold\">Tinazzi<\/b>\u00a0l\u00e0 m\u1ed9t doanh nghi\u1ec7p gia \u0111\u00ecnh c\u00f3 l\u1ecbch s\u1eed l\u00e2u \u0111\u1eddi.\u00a0V\u00e0o \u0111\u1ea7u nh\u1eefng n\u0103m 60 c\u1ee7a th\u1ebf k\u1ef7 XX, m\u1ed9t ng\u01b0\u1eddi \u00dd \u0111\u1ea7y tham v\u1ecdng, Eugenio Tinazzi, \u0111\u00e3 kh\u1edfi \u0111\u1ed9ng s\u1ea3n xu\u1ea5t nh\u1ecf c\u1ee7a m\u00ecnh t\u1ea1i x\u00e3 Cavaillon Veronese.\u00a0\u0110\u1eb7t t\u1ea5t c\u1ea3 ni\u1ec1m \u0111am m\u00ea c\u1ee7a m\u00ecnh v\u00e0o c\u00f4ng vi\u1ec7c c\u1ee7a cu\u1ed9c \u0111\u1eddi m\u00ecnh, Eugenio \u0111\u00e3 \u0111\u1ea1t \u0111\u01b0\u1ee3c m\u1ed9t k\u1ebft qu\u1ea3 xu\u1ea5t s\u1eafc \u2013 t\u1eeb m\u1ed9t nh\u00e0 m\u00e1y r\u01b0\u1ee3u nh\u1ecf, c\u00f4ng ty \u0111\u00e3 tr\u1edf th\u00e0nh m\u1ed9t tay ch\u01a1i ch\u00ednh th\u1ee9c tr\u00ean th\u1ecb tr\u01b0\u1eddng r\u01b0\u1ee3u \u00dd.<\/p>\n<p>Gi\u1edd \u0111\u00e2y, c\u00e1c v\u01b0\u1eddn nho c\u1ee7a c\u00f4ng ty kh\u00f4ng ch\u1ec9 n\u1eb1m tr\u00ean b\u1edd H\u1ed3 Garda, m\u00e0 c\u00f2n \u1edf ph\u00eda nam n\u01b0\u1edbc \u00dd, trong v\u00f9ng Apulia \u0111\u1ea7y h\u1ee9a h\u1eb9n.\u00a012 ha v\u01b0\u1eddn nho \u0111\u01b0\u1ee3c d\u00e0nh ri\u00eang \u0111\u1ec3 tr\u1ed3ng c\u00e1c gi\u1ed1ng nho n\u1ed5i ti\u1ebfng nh\u01b0 Merlot, Cabernet Sauvignon v\u00e0 Pinot Grigio.\u00a0Ngo\u00e0i ra, \u1edf \u0111\u00e2y tr\u00ean b\u1edd \u0111\u00f4ng \u1ea5m \u00e1p c\u1ee7a Garda, c\u00e1c nh\u00e0 nghi\u00ean c\u1ee9u oenologist c\u1ee7a nh\u00e0 r\u01b0\u1ee3u \u0111\u00e3 ph\u00e1t tri\u1ec3n c\u00e1c n\u1ec1n v\u0103n h\u00f3a truy\u1ec1n th\u1ed1ng c\u1ee7a Veneto \u2013 c\u00e1c gi\u1ed1ng Corvinone, Corvina v\u00e0 Rondinella.\u00a0\u1ede Puglia, n\u01a1i c\u00f3 c\u00e1c \u0111\u1ed3n \u0111i\u1ec1n Tinazzi kh\u00e1c, c\u00e2y Salento n\u1ed5i ti\u1ebfng \u0111\u01b0\u1ee3c tr\u1ed3ng.<\/p>\n<p>M\u1ed9t \u01b0u \u0111i\u1ec3m quan tr\u1ecdng c\u1ee7a\u00a0<b class=\"bs-fs-bold\">Casa Vitivinicola Tinazzi<\/b>\u00a0l\u00e0 s\u1ef1 ki\u1ec3m so\u00e1t ch\u1eb7t ch\u1ebd \u1edf t\u1ea5t c\u1ea3 c\u00e1c kh\u00e2u.\u00a0Nh\u00e0 tr\u1ed3ng nho n\u1ed5i ti\u1ebfng ng\u01b0\u1eddi \u00dd, Giuseppe Galo, v\u00e0 c\u1ea5p d\u01b0\u1edbi c\u1ee7a \u00f4ng ki\u1ec3m so\u00e1t t\u1ea5t c\u1ea3 c\u00e1c quy tr\u00ecnh s\u1ea3n xu\u1ea5t, t\u1eeb vi\u1ec7c r\u1ea3i ph\u00e2n b\u00f3n \u0111\u1ebfn ph\u00e2n t\u00edch nho ch\u00edn.\u00a0Qu\u00e1 tr\u00ecnh l\u00ean men r\u01b0\u1ee3u nguy\u00ean li\u1ec7u \u0111\u01b0\u1ee3c th\u1ef1c hi\u1ec7n trong c\u00e1c b\u1ed3n ch\u1ee9a, \u0111\u01b0\u1ee3c t\u1ea1o ra theo m\u1ed9t d\u1ef1 \u00e1n \u0111\u1eb7c bi\u1ec7t t\u1eeb th\u00e9p c\u1ea5p 316. M\u1ed7i b\u1ed3n \u0111\u01b0\u1ee3c trang b\u1ecb m\u1ed9t c\u1ea3m bi\u1ebfn nhi\u1ec7t \u0111\u1ed9 l\u1eadp tr\u00ecnh hi\u1ec7n \u0111\u1ea1i, cho ph\u00e9p b\u1ea1n theo d\u00f5i m\u1ecdi giai \u0111o\u1ea1n s\u1ea3n xu\u1ea5t r\u01b0\u1ee3u v\u1edbi \u0111\u1ed9 ch\u00ednh x\u00e1c ho\u00e0n h\u1ea3o.<\/p>\n<h2><span id=\"DAC_DIEM\">\u0110\u1eb6C \u0110I\u1ec2M<\/span><\/h2>\n<p>Chai\u00a0<strong>R\u01b0\u1ee3u vang A50 Amarone Della Valpolicella<\/strong>\u00a0l\u00e0 1 trong 3 chai r\u01b0\u1ee3u thu\u1ed9c h\u00e0ng tuy\u1ec7t t\u00e1c. N\u1eb1m trong b\u1ed9 Tinazzi Generation \u0111\u1ec3 k\u1ec9 ni\u1ec7m v\u00e0 vinh danh nh\u00e0 s\u1ea3n xu\u1ea5t Tinazzi danh ti\u1ebfng. Chai r\u01b0\u1ee3u ra m\u1eaft v\u1edbi thi\u1ebft k\u1ebf l\u1ecbch l\u00e3m v\u1edbi ch\u1eef A50 n\u1eb1m \u1edf trung t\u00e2m v\u1edbi nh\u1eefng ho\u1ea1 ti\u1ebft k\u1ebb caro \u0111en tr\u1eafng b\u1eaft m\u1eaf. T\u1ef1a nh\u01b0 h\u00ecnh \u1ea3nh c\u1ee7a m\u1ed9t qu\u00fd \u00f4ng trung ni\u00ean \u0111ang kho\u00e1c l\u00ean m\u00ecnh chi\u1ebfc \u00e1o k\u1ebb caro \u0111en tr\u1eafng trong bu\u1ed5i \u0111\u00e1nh golf \u0111\u1ea7y th\u1ea3nh th\u01a1i c\u1ee7a m\u00ecnh.V<strong>ang A50 Amarone Della Valpolicella<\/strong>\u00a0\u0111\u01b0\u1ee3c m\u1ec7nh danh l\u00e0 vua c\u1ee7a tr\u1ed3ng nho Verona.<\/p>\n<p>Tuy\u1ec7t ph\u1ea9m\u00a0<strong>r\u01b0\u1ee3u vang A50<\/strong>\u00a0\u0111\u01b0\u1ee3c t\u1ea1o ra \u0111\u1ec3 vinh danh \u201cvua\u201d c\u1ee7a v\u00f9ng tr\u1ed3ng nho Verona \u2013 Andrea Tinazzi. H\u01b0\u01a1ng v\u1ecb c\u1ee7a r\u01b0\u1ee3u \u0111ang \u0111\u01b0\u1ee3c b\u1ed9c l\u1ed9 r\u00f5 n\u00e9t nh\u1ea5t v\u1edbi to\u00e0n b\u1ed9 h\u01b0\u01a1ng th\u01a1m \u0111\u1ebfn v\u1ecb ch\u00e1t. R\u1ed3i v\u1ecb ng\u1ecdt \u0111\u1ebfn t\u1eeb nh\u1eefng tr\u00e1i nho ch\u1ea5t l\u01b0\u1ee3ng h\u00e0ng \u0111\u1ea7u ho\u00e0 quy\u1ec7n c\u00f9ng c\u00e1c lo\u1ea1i gia v\u1ecb. Ch\u1ec9 c\u1ea7n n\u1ebfm th\u00f4i c\u0169ng c\u00f3 th\u1ec3 c\u1ea3m nh\u1eadn \u0111\u01b0\u1ee3c to\u00e0n b\u1ed9 t\u00e2m huy\u1ebft. V\u00e0 \u00fd ngh\u0129a \u0111\u1eb7c bi\u1ec7t m\u00e0 chai r\u01b0\u1ee3u n\u00e0y \u0111ang mang b\u00ean trong m\u00ecnh. A50 2010 Amarone Della Valpolicella x\u1ee9ng \u0111\u00e1ng \u0111\u01b0\u1ee3c x\u01b0\u1edbng t\u00ean trong danh s\u00e1ch nh\u1eefng tuy\u1ec7t ph\u1ea9m r\u01b0\u1ee3u vang c\u1ee7a th\u1ebf gi\u1edbi.<\/p>\n<h2><span id=\"Thuong_thuc_Ruou_vang_A50_Amarone_Della_Valpolicella_Tinazzi\">Th\u01b0\u1edfng th\u1ee9c R\u01b0\u1ee3u vang A50 Amarone Della Valpolicella Tinazzi<\/span><\/h2>\n<p>\u0110i\u1ec1u \u0111\u1eb7c bi\u1ec7t c\u1ee7a chai r\u01b0\u1ee3u n\u00e0y l\u00e0 ch\u1ec9 s\u1ea3n xu\u1ea5t gi\u1edbi h\u1ea1n 3000 chai v\u1edbi s\u1ed1 th\u1ee9 t\u1ef1 \u0111\u1ed9c nh\u1ea5t v\u00e0 \u0111\u01b0\u1ee3c \u00f4ng\u00a0Andrea Tinazzi\u00a0tr\u1ef1c ti\u1ebfp k\u00ed b\u1eb1ng tay. Nh\u00e3n chai A50 \u0111\u01b0\u1ee3c d\u1ec7t t\u1eeb l\u00f4ng c\u1eebu theo c\u00f4ng ngh\u1ec7 \u0111\u1eb7c bi\u1ec7t v\u00e0 n\u00fat chai \u0111\u01b0\u1ee3c b\u1ecdc v\u00e0ng 24k, T\u1ea5t c\u1ea3 nh\u1eefng \u0111i\u1ec1u xa x\u1ec9 \u0111\u00f3 ph\u1ea7n n\u00e0o n\u00f3i l\u00ean \u0111\u01b0\u1ee3c \u0111\u1eb3ng c\u1ea5p v\u00e0 h\u01b0\u01a1ng v\u1ecb tuy\u1ec7t v\u1eddi c\u1ee7a t\u1eebng gi\u1ecdt r\u01b0\u1ee3u A50<\/p>\n<p>Ngon nh\u1ea5t khi \u0111\u01b0\u1ee3c s\u1eed d\u1ee5ng \u1edf nhi\u1ec7t \u0111\u1ed9 18-20 \u0111\u1ed9 C b\u1edfi \u1edf nhi\u1ec7t \u0111\u1ed9 n\u00e0y.<\/p>\n","protected":false},"excerpt":{"rendered":"<ul>\n<li>Xu\u1ea5t x\u1ee9 : \u00dd<\/li>\n<li>V\u00f9ng : Veneto<\/li>\n<li>Gi\u1ed1ng nho : Corvina &amp; Rondinella v\u00e0 Molinara<\/li>\n<li>Lo\u1ea1i vang : Vang \u0111\u1ecf<\/li>\n<\/ul>\n","protected":false},"featured_media":1116,"comment_status":"open","ping_status":"closed","template":"","meta":[],"_links":{"self":[{"href":"https:\/\/sammarco.vn\/index.php?rest_route=\/wp\/v2\/product\/1114"}],"collection":[{"href":"https:\/\/sammarco.vn\/index.php?rest_route=\/wp\/v2\/product"}],"about":[{"href":"https:\/\/sammarco.vn\/index.php?rest_route=\/wp\/v2\/types\/product"}],"replies":[{"embeddable":true,"href":"https:\/\/sammarco.vn\/index.php?rest_route=%2Fwp%2Fv2%2Fcomments&post=1114"}],"wp:featuredmedia":[{"embeddable":true,"href":"https:\/\/sammarco.vn\/index.php?rest_route=\/wp\/v2\/media\/1116"}],"wp:attachment":[{"href":"https:\/\/sammarco.vn\/index.php?rest_route=%2Fwp%2Fv2%2Fmedia&parent=1114"}],"curies":[{"name":"wp","href":"https:\/\/api.w.org\/{rel}","templated":true}]}}