{"id":1108,"date":"2026-03-02T04:49:54","date_gmt":"2026-03-02T04:49:54","guid":{"rendered":"https:\/\/sammarco.vn\/?post_type=product&#038;p=1108"},"modified":"2026-03-02T04:58:26","modified_gmt":"2026-03-02T04:58:26","slug":"vang-do-viking-primitivo-del-salento-igp","status":"publish","type":"product","link":"https:\/\/sammarco.vn\/?product=vang-do-viking-primitivo-del-salento-igp","title":{"rendered":"Vang \u0111\u1ecf Viking Primitivo del Salento IGP"},"content":{"rendered":"<div class=\"AdPoic\" role=\"heading\" aria-level=\"3\" data-animation-nesting=\"\" data-sfc-cp=\"\" data-complete=\"true\" data-processed=\"true\" data-sae=\"\">Th\u00f4ng tin chi ti\u1ebft v\u1ec1 s\u1ea3n ph\u1ea9m<\/div>\n<ul class=\"KsbFXc U6u95\" data-complete=\"true\" data-processed=\"true\">\n<li class=\"dF3vjf\" data-hveid=\"CAYQAA\" data-complete=\"true\" data-sae=\"\"><span class=\"T286Pc\" data-sfc-cp=\"\" data-complete=\"true\"><strong class=\"Yjhzub\" data-complete=\"true\">Xu\u1ea5t x\u1ee9:<\/strong>\u00a0Salento \u2013 Puglia, \u00dd.<\/span><\/li>\n<li class=\"dF3vjf\" data-hveid=\"CAYQAQ\" data-complete=\"true\" data-sae=\"\"><span class=\"T286Pc\" data-sfc-cp=\"\" data-complete=\"true\"><strong class=\"Yjhzub\" data-complete=\"true\">Gi\u1ed1ng nho:<\/strong>\u00a0100% Primitivo, mang l\u1ea1i h\u01b0\u01a1ng v\u1ecb m\u1ea1nh m\u1ebd v\u00e0 \u0111\u1ea7y \u0111\u1eb7n.<\/span><\/li>\n<li class=\"dF3vjf\" data-hveid=\"CAYQAg\" data-complete=\"true\" data-sae=\"\"><span class=\"T286Pc\" data-sfc-cp=\"\" data-complete=\"true\"><strong class=\"Yjhzub\" data-complete=\"true\">N\u1ed3ng \u0111\u1ed9 c\u1ed3n:<\/strong>\u00a0R\u1ea5t cao, l\u00ean t\u1edbi\u00a0<strong class=\"Yjhzub\" data-complete=\"true\">19%<\/strong>, t\u1ea1o tr\u1ea3i nghi\u1ec7m \u1ea5n t\u01b0\u1ee3ng cho ng\u01b0\u1eddi th\u01b0\u1edfng th\u1ee9c.<\/span><\/li>\n<li class=\"dF3vjf\" data-hveid=\"CAYQAw\" data-complete=\"true\" data-sae=\"\"><span class=\"T286Pc\" data-sfc-cp=\"\" data-complete=\"true\"><strong class=\"Yjhzub\" data-complete=\"true\">H\u01b0\u01a1ng v\u1ecb:<\/strong>\u00a0Ph\u1ee9c h\u1ee3p gi\u1eefa c\u00e1c t\u1ea7ng h\u01b0\u01a1ng tr\u00e1i c\u00e2y \u0111en ch\u00edn m\u1ecdng (m\u1eadn \u0111en, m\u00e2m x\u00f4i), h\u00f2a quy\u1ec7n c\u00f9ng v\u1ecb ng\u1ecdt c\u1ee7a vani, caramel v\u00e0 m\u1ed9t ch\u00fat cay n\u1ed3ng c\u1ee7a gia v\u1ecb.<\/span><\/li>\n<li class=\"dF3vjf\" data-hveid=\"CAYQBA\" data-complete=\"true\" data-sae=\"\"><span class=\"T286Pc\" data-sfc-cp=\"\" data-complete=\"true\" aria-owns=\"action-menu-parent-container\"><strong class=\"Yjhzub\" data-complete=\"true\">Thi\u1ebft k\u1ebf:<\/strong>\u00a0Chai r\u01b0\u1ee3u c\u00f3 nh\u00e3n \u0111\u1ed3ng d\u1eadp n\u1ed5i h\u00ecnh chi\u1ebfn binh Viking sang tr\u1ecdng, \u0111i k\u00e8m h\u1ed9p g\u1ed7 s\u01a1n m\u00e0i &#8220;Superior&#8221; \u0111\u1eb3ng c\u1ea5p, r\u1ea5t th\u00edch h\u1ee3p l\u00e0m qu\u00e0 bi\u1ebfu<\/span><\/li>\n<\/ul>\n<ul class=\"KsbFXc U6u95\" data-complete=\"true\" data-processed=\"true\">\n<li class=\"dF3vjf\" data-hveid=\"CAgQAA\" data-complete=\"true\" data-sae=\"\"><span class=\"T286Pc\" data-sfc-cp=\"\" data-complete=\"true\"><strong class=\"Yjhzub\" data-complete=\"true\">M\u00f3n \u0103n k\u1ebft h\u1ee3p:<\/strong>\u00a0Ph\u00f9 h\u1ee3p v\u1edbi c\u00e1c lo\u1ea1i th\u1ecbt \u0111\u1ecf n\u01b0\u1edbng, th\u1ecbt c\u1eebu, c\u00e1c m\u00f3n h\u1ea7m \u0111\u1eadm \u0111\u00e0 ho\u1eb7c ph\u00f4 mai l\u00e2u n\u0103m.<\/span><\/li>\n<li class=\"dF3vjf\" data-hveid=\"CAgQAQ\" data-complete=\"true\" data-sae=\"\"><span class=\"T286Pc\" data-sfc-cp=\"\" data-complete=\"true\"><strong class=\"Yjhzub\" data-complete=\"true\">Nhi\u1ec7t \u0111\u1ed9 ph\u1ee5c v\u1ee5:<\/strong>\u00a0Ngon nh\u1ea5t khi d\u00f9ng \u1edf nhi\u1ec7t \u0111\u1ed9 kho\u1ea3ng\u00a0<strong class=\"Yjhzub\" data-complete=\"true\" aria-owns=\"action-menu-parent-container\">16 &#8211; 18\u00b0C<\/strong><\/span><\/li>\n<\/ul>\n<p>V\u00f9ng Salento c\u1ee7a \u00dd, n\u1ed5i ti\u1ebfng v\u1edbi kh\u00ed h\u1eadu \u0110\u1ecba Trung H\u1ea3i \u1ea5m \u00e1p v\u00e0 th\u1ed5 nh\u01b0\u1ee1ng l\u00fd t\u01b0\u1edfng, l\u00e0 n\u01a1i s\u1ea3n sinh ra nh\u1eefng gi\u1ed1ng nho \u0111\u1ed9c \u0111\u00e1o v\u00e0 ch\u1ea5t l\u01b0\u1ee3ng. Trong s\u1ed1 \u0111\u00f3,\u00a0<strong>R\u01b0\u1ee3u Vang Viking Primitivo Del Salento<\/strong>\u00a0IGP Limited Edition n\u1ed5i b\u1eadt nh\u01b0 m\u1ed9t tuy\u1ec7t ph\u1ea9m, kh\u00f4ng ch\u1ec9 l\u00e0 l\u1ef1a ch\u1ecdn ho\u00e0n h\u1ea3o cho nh\u1eefng b\u1eefa ti\u1ec7c sang tr\u1ecdng m\u00e0 c\u00f2n l\u00e0 m\u00f3n qu\u00e0 \u00fd ngh\u0129a d\u00e0nh cho nh\u1eefng ng\u01b0\u1eddi y\u00eau th\u00edch\u00a0<strong>R\u01b0\u1ee3u vang<\/strong>\u00a0\u00dd nh\u1eadp kh\u1ea9u.<\/p>\n<p>\u0110\u1ec3 t\u1ea1o ra m\u1ed9t chai\u00a0<strong>R\u01b0\u1ee3u Vang Viking Primitivo Del Salento<\/strong>\u00a0IGP Limited Edition ch\u1ea5t l\u01b0\u1ee3ng, quy tr\u00ecnh s\u1ea3n xu\u1ea5t \u0111\u01b0\u1ee3c th\u1ef1c hi\u1ec7n m\u1ed9t c\u00e1ch tinh t\u1ebf v\u00e0 t\u1ec9 m\u1ec9:<\/p>\n<ul>\n<li><strong>Thu ho\u1ea1ch nho:<\/strong>\u00a0Nho\u00a0<strong>Gi\u1ed1ng nho: Primitivo<\/strong>\u00a0\u0111\u01b0\u1ee3c thu ho\u1ea1ch v\u00e0o th\u1eddi \u0111i\u1ec3m ch\u00edn r\u1ed9 nh\u1ea5t, \u0111\u1ea3m b\u1ea3o \u0111\u1ed9 ng\u1ecdt v\u00e0 h\u01b0\u01a1ng v\u1ecb t\u1ed1i \u01b0u. Nh\u1eefng tr\u00e1i nho \u0111\u01b0\u1ee3c ch\u1ecdn l\u1ecdc k\u1ef9 l\u01b0\u1ee1ng, ch\u1ec9 nh\u1eefng qu\u1ea3 ho\u00e0n h\u1ea3o nh\u1ea5t m\u1edbi \u0111\u01b0\u1ee3c \u0111\u01b0a v\u00e0o s\u1ea3n xu\u1ea5t.<\/li>\n<li><strong>L\u00ean men t\u1ef1 nhi\u00ean:<\/strong>\u00a0Sau khi thu ho\u1ea1ch, nho \u0111\u01b0\u1ee3c l\u00ean men trong th\u00f9ng g\u1ed7 s\u1ed3i v\u1edbi qu\u00e1 tr\u00ecnh t\u1ef1 nhi\u00ean k\u00e9o d\u00e0i, gi\u00fap t\u1ea1o ra h\u01b0\u01a1ng v\u1ecb s\u00e2u l\u1eafng v\u00e0 ph\u1ee9c h\u1ee3p.<\/li>\n<li><strong>\u1ee6 r\u01b0\u1ee3u l\u00e2u n\u0103m:<\/strong>\u00a0<strong>R\u01b0\u1ee3u vang<\/strong>\u00a0\u0111\u01b0\u1ee3c \u1ee7 trong th\u00f9ng g\u1ed7 s\u1ed3i trong nhi\u1ec1u n\u0103m \u0111\u1ec3 \u0111\u1ea1t \u0111\u1ed9 tr\u01b0\u1edfng th\u00e0nh v\u00e0 c\u00e2n b\u1eb1ng ho\u00e0n h\u1ea3o, mang l\u1ea1i c\u1ea5u tr\u00fac v\u1ecb gi\u00e1c \u0111\u1eadm \u0111\u00e0 v\u00e0 m\u1ea1nh m\u1ebd.<\/li>\n<\/ul>\n<p>Khi th\u01b0\u1edfng th\u1ee9c\u00a0<strong>R\u01b0\u1ee3u Vang Viking Primitivo Del Salento<\/strong>, b\u1ea1n s\u1ebd c\u1ea3m nh\u1eadn ngay s\u1ef1 phong ph\u00fa t\u1eeb h\u01b0\u01a1ng th\u01a1m c\u1ee7a c\u00e1c lo\u1ea1i tr\u00e1i c\u00e2y \u0111en nh\u01b0 m\u00e2m x\u00f4i, m\u1eadn ch\u00edn, k\u1ebft h\u1ee3p v\u1edbi m\u1ed9t ch\u00fat gia v\u1ecb cay n\u1ed3ng v\u00e0 h\u01b0\u01a1ng vani quy\u1ebfn r\u0169.\u00a0<strong>R\u01b0\u1ee3u vang \u0111\u1ecf<\/strong>\u00a0n\u00e0y c\u00f3 v\u1ecb ng\u1ecdt nh\u1eb9 nh\u00e0ng h\u00f2a quy\u1ec7n c\u00f9ng v\u1ecb ch\u00e1t t\u1eeb tannin, t\u1ea1o n\u00ean c\u1ea3m gi\u00e1c m\u01b0\u1ee3t m\u00e0, \u0111\u1ea7y \u0111\u1eb7n v\u00e0 k\u00e9o d\u00e0i.<\/p>\n<h3 id=\"ftoc-heading-6\" class=\"ftwp-heading\">Tr\u1ea3i nghi\u1ec7m v\u1ecb gi\u00e1c tinh t\u1ebf<\/h3>\n<ul>\n<li><strong>H\u1eadu v\u1ecb k\u00e9o d\u00e0i:<\/strong>\u00a0Sau khi th\u01b0\u1edfng th\u1ee9c, Viking Primitivo \u0111\u1ec3 l\u1ea1i h\u1eadu v\u1ecb k\u00e9o d\u00e0i v\u1edbi c\u1ea3m gi\u00e1c \u1ea5m \u00e1p, d\u1ec5 ch\u1ecbu c\u1ee7a h\u01b0\u01a1ng g\u1ed7 s\u1ed3i v\u00e0 tr\u00e1i c\u00e2y kh\u00f4, mang \u0111\u1ebfn tr\u1ea3i nghi\u1ec7m v\u1ecb gi\u00e1c \u0111\u1ea7y l\u00f4i cu\u1ed1n.<\/li>\n<li><strong>S\u1ef1 h\u00e0i h\u00f2a c\u1ee7a c\u00e1c t\u1ea7ng h\u01b0\u01a1ng:<\/strong>\u00a0H\u01b0\u01a1ng th\u01a1m ph\u1ee9c h\u1ee3p c\u1ee7a Viking Primitivo \u0111\u01b0\u1ee3c v\u00ed nh\u01b0 m\u1ed9t b\u1ea3n giao h\u01b0\u1edfng c\u1ee7a thi\u00ean nhi\u00ean, v\u1edbi s\u1ef1 k\u1ebft h\u1ee3p h\u00e0i h\u00f2a c\u1ee7a tr\u00e1i c\u00e2y, gia v\u1ecb v\u00e0 g\u1ed7 s\u1ed3i.<\/li>\n<\/ul>\n","protected":false},"excerpt":{"rendered":"<ul class=\"KsbFXc U6u95\" data-complete=\"true\" data-processed=\"true\">\n<li class=\"dF3vjf\" data-hveid=\"CAYQAA\" data-complete=\"true\" data-sae=\"\"><span class=\"T286Pc\" data-sfc-cp=\"\" data-complete=\"true\"><strong class=\"Yjhzub\" data-complete=\"true\">Xu\u1ea5t x\u1ee9:<\/strong>\u00a0Salento \u2013 Puglia, \u00dd.<\/span><\/li>\n<li class=\"dF3vjf\" data-hveid=\"CAYQAQ\" data-complete=\"true\" data-sae=\"\"><span class=\"T286Pc\" data-sfc-cp=\"\" data-complete=\"true\"><strong class=\"Yjhzub\" data-complete=\"true\">Gi\u1ed1ng nho:<\/strong>\u00a0100% Primitivo, mang l\u1ea1i h\u01b0\u01a1ng v\u1ecb m\u1ea1nh m\u1ebd v\u00e0 \u0111\u1ea7y \u0111\u1eb7n.<\/span><\/li>\n<li class=\"dF3vjf\" data-hveid=\"CAYQAg\" data-complete=\"true\" data-sae=\"\"><span class=\"T286Pc\" data-sfc-cp=\"\" data-complete=\"true\"><strong class=\"Yjhzub\" data-complete=\"true\">N\u1ed3ng \u0111\u1ed9 c\u1ed3n:<\/strong>\u00a0R\u1ea5t cao, l\u00ean t\u1edbi\u00a0<strong class=\"Yjhzub\" data-complete=\"true\">19%<\/strong>, t\u1ea1o tr\u1ea3i nghi\u1ec7m \u1ea5n t\u01b0\u1ee3ng cho ng\u01b0\u1eddi th\u01b0\u1edfng th\u1ee9c.<\/span><\/li>\n<li class=\"dF3vjf\" data-hveid=\"CAYQAw\" data-complete=\"true\" data-sae=\"\"><span class=\"T286Pc\" data-sfc-cp=\"\" data-complete=\"true\"><strong class=\"Yjhzub\" data-complete=\"true\">H\u01b0\u01a1ng v\u1ecb:<\/strong>\u00a0Ph\u1ee9c h\u1ee3p gi\u1eefa c\u00e1c t\u1ea7ng h\u01b0\u01a1ng tr\u00e1i c\u00e2y \u0111en ch\u00edn m\u1ecdng (m\u1eadn \u0111en, m\u00e2m x\u00f4i), h\u00f2a quy\u1ec7n c\u00f9ng v\u1ecb ng\u1ecdt c\u1ee7a vani, caramel v\u00e0 m\u1ed9t ch\u00fat cay n\u1ed3ng c\u1ee7a gia v\u1ecb.<\/span><\/li>\n<\/ul>\n","protected":false},"featured_media":1109,"comment_status":"open","ping_status":"closed","template":"","meta":[],"_links":{"self":[{"href":"https:\/\/sammarco.vn\/index.php?rest_route=\/wp\/v2\/product\/1108"}],"collection":[{"href":"https:\/\/sammarco.vn\/index.php?rest_route=\/wp\/v2\/product"}],"about":[{"href":"https:\/\/sammarco.vn\/index.php?rest_route=\/wp\/v2\/types\/product"}],"replies":[{"embeddable":true,"href":"https:\/\/sammarco.vn\/index.php?rest_route=%2Fwp%2Fv2%2Fcomments&post=1108"}],"wp:featuredmedia":[{"embeddable":true,"href":"https:\/\/sammarco.vn\/index.php?rest_route=\/wp\/v2\/media\/1109"}],"wp:attachment":[{"href":"https:\/\/sammarco.vn\/index.php?rest_route=%2Fwp%2Fv2%2Fmedia&parent=1108"}],"curies":[{"name":"wp","href":"https:\/\/api.w.org\/{rel}","templated":true}]}}