{"id":1105,"date":"2026-03-02T04:44:48","date_gmt":"2026-03-02T04:44:48","guid":{"rendered":"https:\/\/sammarco.vn\/?post_type=product&#038;p=1105"},"modified":"2026-03-02T04:44:49","modified_gmt":"2026-03-02T04:44:49","slug":"zeus-primitivo-del-salento-19","status":"publish","type":"product","link":"https:\/\/sammarco.vn\/?product=zeus-primitivo-del-salento-19","title":{"rendered":"Zeus Primitivo Del Salento 19"},"content":{"rendered":"<p><strong>R\u01b0\u1ee3u Vang Zeus Primitivo Del Salento 19 \u0111\u1ed9 H\u1ea3o h\u1ea1ng<\/strong>\u00a0mang m\u1ed9t m\u00e0u \u0111\u1ecf \u0111\u1eadm v\u1edbi ph\u1ea3n chi\u1ebfu \u00e1nh t\u00edm, \u0111\u01b0\u1ee3c s\u1ea3n xu\u1ea5t b\u1eb1ng c\u00e1ch s\u1eed d\u1ee5ng nh\u1eefng tr\u00e1i nho Primitivo t\u1ed1t nh\u1ea5t \u0111\u01b0\u1ee3c thu ho\u1ea1ch b\u1eb1ng tay trong nh\u1eefng c\u00e2y nho c\u1ed5 th\u1ee5 \u1edf khu v\u1ef1c Salento. V\u1edbi m\u1ed9t h\u01b0\u01a1ng th\u01a1m bao tr\u00f9m, v\u1edbi g\u1ee3i \u00fd c\u1ee7a tr\u00e1i c\u00e2y m\u00e0u \u0111\u1ecf v\u00e0 m\u1ed9t h\u01b0\u01a1ng v\u1ecb \u0111\u1ea7y \u0111\u1ee7 v\u00e0 m\u1ec1m m\u1ea1i.<\/p>\n<p><strong>R\u01b0\u1ee3u Vang Zeus Primitivo Del Salento 19 \u0111\u1ed9 H\u1ea3o h\u1ea1ng<\/strong> \u0111\u01b0\u1ee3c s\u1ea3n xu\u1ea5t b\u1eb1ng nh\u1eefng tr\u00e1i nho Primitivo ngon nh\u1ea5t, \u0111\u01b0\u1ee3c thu ho\u1ea1ch b\u1eb1ng tay t\u1eeb nh\u1eefng c\u00e2y nho gi\u00e0 quanh v\u00f9ng Salento. Ch\u1ec9 nh\u1eefng tr\u00e1i nho t\u01b0\u01a1i ngon nh\u1ea5t m\u1edbi \u0111\u01b0\u1ee3c l\u1ef1a ch\u1ecdn v\u00e0 \u0111em v\u1ec1 nh\u00e0 m\u00e1y \u0111\u1ec3 ph\u00e2n lo\u1ea1i v\u00e0 ti\u1ebfn h\u00e0nh \u00e9p l\u1ea5y n\u01b0\u1edbc c\u1ed1t nho. \u0111\u01b0\u1ee3c l\u00ean men \u1edf nhi\u1ec7t \u0111\u1ed9 ki\u1ec3m so\u00e1t, ch\u1ec9 kho\u1ea3ng 20-22 \u0111\u1ed9 C. Qu\u00e1 tr\u00ecnh ng\u00e2m \u1ee7 c\u0169ng di\u1ec5n ra d\u01b0\u1edbi s\u1ef1 ki\u1ec3m so\u00e1t nghi\u00eam \u0111\u1eb7t, \u0111em l\u1ea1i \u1ed9t d\u00f2ng r\u01b0\u1ee3u h\u1ea3o h\u1ea1ng v\u1edbi n\u1ed3ng \u0111\u1ed9 c\u1ed3n l\u00e0 19%.<\/p>\n<p>Nhi\u1ec7t \u0111\u1ed9 l\u00ed t\u01b0\u1edfng \u0111\u1ec3 ly r\u01b0\u1ee3u vang ngon nh\u1ea5t, lan t\u1ecfa h\u01b0\u01a1ng th\u01a1m n\u1ed3ng n\u00e0n \u0111\u00fang ngh\u0129a c\u1ee7a n\u00f3 l\u00e0 16-18 \u0111\u1ed9 C<\/p>\n<p>B\u1ea3o qu\u1ea3n r\u01b0\u1ee3u vang trong t\u1ee7 b\u1ea3o qu\u1ea3n vang chuy\u00ean d\u1ee5ng 30 ph\u00fat \u0111\u1ebfn 1 ti\u1ebfng tr\u01b0\u1edbc khi th\u01b0\u1edfng th\u1ee9c.<\/p>\n<p>B\u1ea1n c\u00f3 th\u1ec3 \u01b0\u1edbp r\u01b0\u1ee3u trong x\u00f4 \u0111\u00e1 10-20 ph\u00fat t\u00f9y t\u1eebng lo\u1ea1i r\u01b0\u1ee3u \u0111\u1ec3 \u0111\u1ea1t \u0111\u01b0\u1ee3c nhi\u1ec7t \u0111\u1ed9 th\u00edch h\u1ee3p.<\/p>\n<p>L\u1eafc \u0111\u1ec1u ly r\u01b0\u1ee3u vang tr\u00ean tay \u0111\u1ec3 c\u1ea3m nh\u1eadn h\u01b0\u01a1ng th\u01a1m r\u00f5 r\u00e0ng nh\u1ea5t.<\/p>\n<p>K\u1ebft h\u1ee3p v\u1edbi c\u00e1c m\u00f3n \u0103n nh\u01b0 : th\u1ecbt \u0111\u1ecf n\u01b0\u1edbng, m\u1ef3 \u1ed1ng, khoai t\u00e2y, pho m\u00e1t,\u2026<\/p>\n","protected":false},"excerpt":{"rendered":"<ul>\n<li><strong>Xu\u1ea5t X\u1ee9\u00a0<\/strong><strong>:\u00a0<\/strong><strong>\u00dd<\/strong><\/li>\n<li><strong>Ph\u00e2n<\/strong><strong>\u00a0h\u1ea1ng :\u00a0<\/strong><strong>IGP<\/strong><\/li>\n<li><strong>Nh\u00e0<\/strong><strong>\u00a0s\u1ea3n xu\u1ea5t<\/strong><strong>: Feudi Salentini<\/strong><\/li>\n<li><strong>Lo\u1ea1i vang:\u00a0\u0110\u1ecf<\/strong><\/li>\n<li><strong>V\u00f9ng S\u1ea3n Xu\u1ea5t:\u00a0Salento<\/strong><\/li>\n<li><strong>Gi\u1ed1ng Nho:\u00a0Primitivo<\/strong><\/li>\n<li><strong>N\u1ed3ng \u0110\u1ed9:\u00a019%<\/strong><\/li>\n<li><strong>Dung T\u00edch:\u00a0750ml<\/strong><\/li>\n<li><strong>M\u00e0u s\u1eafc : \u0111\u1ecf \u0111\u1eadm<\/strong><\/li>\n<li><strong>Gh\u00e9p \u0110\u00f4i: th\u1ecbt \u0111\u1ecf n\u01b0\u1edbng, m\u1ef3 \u1ed1ng, khoai t\u00e2y, pho m\u00e1t,\u2026<\/strong><\/li>\n<li><strong>Nhi\u1ec7t \u0111\u1ed9 ph\u1ee5c v\u1ee5:\u00a016-18 \u0111\u1ed9 C<\/strong><\/li>\n<li><strong>Quy C\u00e1ch:\u00a06 chai\/th\u00f9ng<\/strong><\/li>\n<\/ul>\n","protected":false},"featured_media":1106,"comment_status":"open","ping_status":"closed","template":"","meta":[],"_links":{"self":[{"href":"https:\/\/sammarco.vn\/index.php?rest_route=\/wp\/v2\/product\/1105"}],"collection":[{"href":"https:\/\/sammarco.vn\/index.php?rest_route=\/wp\/v2\/product"}],"about":[{"href":"https:\/\/sammarco.vn\/index.php?rest_route=\/wp\/v2\/types\/product"}],"replies":[{"embeddable":true,"href":"https:\/\/sammarco.vn\/index.php?rest_route=%2Fwp%2Fv2%2Fcomments&post=1105"}],"wp:featuredmedia":[{"embeddable":true,"href":"https:\/\/sammarco.vn\/index.php?rest_route=\/wp\/v2\/media\/1106"}],"wp:attachment":[{"href":"https:\/\/sammarco.vn\/index.php?rest_route=%2Fwp%2Fv2%2Fmedia&parent=1105"}],"curies":[{"name":"wp","href":"https:\/\/api.w.org\/{rel}","templated":true}]}}