{"id":1097,"date":"2026-03-02T04:36:22","date_gmt":"2026-03-02T04:36:22","guid":{"rendered":"https:\/\/sammarco.vn\/?post_type=product&#038;p=1097"},"modified":"2026-03-02T04:36:23","modified_gmt":"2026-03-02T04:36:23","slug":"le-vigne-di-sammarco-arche-primitivo-di-manduria-dop","status":"publish","type":"product","link":"https:\/\/sammarco.vn\/?product=le-vigne-di-sammarco-arche-primitivo-di-manduria-dop","title":{"rendered":"Le Vigne di Sammarco Arch\u00e8 Primitivo di Manduria DOP"},"content":{"rendered":"<p>Vang \u0111\u1ecf Le Vigne di Sammarco Arch\u00e8 Primitivo di Manduria DOP s\u1ea3n xu\u1ea5t n\u0103m 2017.<br \/>\nLo\u1ea1i nho &amp; Xu\u1ea5t x\u1ee9: R\u01b0\u1ee3u \u0111\u01b0\u1ee3c l\u00e0m t\u1eeb gi\u1ed1ng nho Primitivo, thu\u1ed9c v\u00f9ng Manduria, mi\u1ec1n Nam n\u01b0\u1edbc \u00dd.<br \/>\nGi\u1ed1ng nho: \u0110\u01b0\u1ee3c l\u00e0m t\u1eeb 100% nho Primitivo \u0111\u01b0\u1ee3c tuy\u1ec3n ch\u1ecdn k\u1ef9 l\u01b0\u1ee1ng t\u1ea1i v\u00f9ng Manduria.<br \/>\nPh\u00e2n h\u1ea1ng: \u0110\u1ea1t ti\u00eau chu\u1ea9n D.O.P (Denominazione di Origine Protetta) \u2013 m\u1ed9t trong nh\u1eefng c\u1ea5p \u0111\u1ed9 cao nh\u1ea5t cho r\u01b0\u1ee3u vang \u00dd.<br \/>\nQuy tr\u00ecnh: R\u01b0\u1ee3u \u0111\u01b0\u1ee3c \u1ee7 trong th\u00f9ng g\u1ed7 s\u1ed3i (barrique) trong kho\u1ea3ng 12 th\u00e1ng tr\u01b0\u1edbc khi \u0111\u00f3ng chai.<br \/>\nH\u01b0\u01a1ng v\u1ecb: R\u01b0\u1ee3u c\u00f3 m\u00e0u \u0111\u1ecf \u0111\u1eadm \u00e1nh t\u00edm, n\u1ed3ng \u0111\u1ed9 c\u1ed3n 15%. H\u01b0\u01a1ng v\u1ecb ph\u1ee9c h\u1ee3p v\u1edbi c\u00e1c n\u1ed1t h\u01b0\u01a1ng c\u1ee7a m\u1eadn, anh \u0111\u00e0o \u0111en, vi\u1ec7t qu\u1ea5t h\u00f2a quy\u1ec7n c\u00f9ng h\u01b0\u01a1ng vani, socola v\u00e0 gia v\u1ecb t\u1eeb g\u1ed7 s\u1ed3i.<\/p>\n","protected":false},"excerpt":{"rendered":"<ul>\n<li>Ph\u00e2n lo\u1ea1i: Vang \u0111\u1ecf<\/li>\n<li>Gi\u1ed1ng nho:\u00a0<strong>100% Primitivo<\/strong><\/li>\n<li>N\u1ed3ng \u0111\u1ed9:\u00a0<strong>15%Alc.\/Vol<\/strong><\/li>\n<li>Th\u1ec3 t\u00edch:\u00a0<strong>750 ml<\/strong><\/li>\n<li>V\u00f9ng s\u1ea3n xu\u1ea5t: Manduria (Taranto)<\/li>\n<li>C\u1ea5p \u0111\u1ed9:\u00a0<strong>D.O.P<\/strong><\/li>\n<li>H\u00e3ng s\u1ea3n xu\u1ea5t: Le Vigne Di Sammarco<\/li>\n<li>Nhi\u1ec7t \u0111\u1ed9 th\u01b0\u1edfng th\u1ee9c: 18 \u0111\u1ed9 \u2013 22 \u0111\u1ed9 C<\/li>\n<\/ul>\n","protected":false},"featured_media":1099,"comment_status":"open","ping_status":"closed","template":"","meta":[],"_links":{"self":[{"href":"https:\/\/sammarco.vn\/index.php?rest_route=\/wp\/v2\/product\/1097"}],"collection":[{"href":"https:\/\/sammarco.vn\/index.php?rest_route=\/wp\/v2\/product"}],"about":[{"href":"https:\/\/sammarco.vn\/index.php?rest_route=\/wp\/v2\/types\/product"}],"replies":[{"embeddable":true,"href":"https:\/\/sammarco.vn\/index.php?rest_route=%2Fwp%2Fv2%2Fcomments&post=1097"}],"wp:featuredmedia":[{"embeddable":true,"href":"https:\/\/sammarco.vn\/index.php?rest_route=\/wp\/v2\/media\/1099"}],"wp:attachment":[{"href":"https:\/\/sammarco.vn\/index.php?rest_route=%2Fwp%2Fv2%2Fmedia&parent=1097"}],"curies":[{"name":"wp","href":"https:\/\/api.w.org\/{rel}","templated":true}]}}