{"id":1054,"date":"2022-10-27T07:04:52","date_gmt":"2022-10-27T07:04:52","guid":{"rendered":"http:\/\/sammarco.vn\/?post_type=product&#038;p=1054"},"modified":"2026-04-13T03:08:36","modified_gmt":"2026-04-13T03:08:36","slug":"finca-el-piqarazo-tempranillo-cabernet-sauvignon-peptit-verdot-2020","status":"publish","type":"product","link":"https:\/\/sammarco.vn\/?product=finca-el-piqarazo-tempranillo-cabernet-sauvignon-peptit-verdot-2020","title":{"rendered":"Finca EL Piqarazo Tempranillo Cabernet Sauvignon Peptit Verdot 2020"},"content":{"rendered":"<p>Xu\u1ea5t x\u1ee9: T\u00e2y Ba Nha<br \/>\nV\u00f9ng l\u00e0m vang: Castilia<br \/>\nLo\u1ea1i vang:R\u01b0\u1ee3u Vang \u0110\u1ecf h\u1eefu c\u01a1<br \/>\nN\u1ed3ng \u0111\u1ed9:14 %<br \/>\nDung t\u00edch:750 ML<br \/>\nK\u1ebft h\u1ee3p t\u1eeb 03 gi\u1ed1ng nho kh\u00e1c nhau<br \/>\nfinca EL Piqarazo l\u00e0 m\u1ed9t c\u00e1i t\u00ean quen thu\u1ed9c v\u1edbi 1 ng\u00f4i l\u00e0ng g\u1ea7n n\u01a1i ngh\u1ec9 n\u00e0y v\u00e0 \u0111\u1ebfn v\u1edbi v\u0103n h\u00f3a ngh\u1ec7 thu\u1eadt d\u00e3 ngo\u1ea1i, ra \u0111\u1eddi \u1edf T\u00e2y Ba Nha v\u00e0o th\u1ebf k\u1ef7 16, li\u00ean quan t\u1edbi 1 &#8220;P\u00edcaro&#8221;: m\u1ed9t k\u1ebb x\u00e2m l\u01b0\u1ee3c ranh ma. R\u01b0\u1ee3u phong ph\u00fa c\u00e1 t\u00ednh v\u00e0 \u0111\u1ed9c \u0111\u00e1o. H\u01b0\u01a1ng th\u01a1m c\u1ee7a tr\u00e1i c\u00e2y \u0111en v\u00e0 c\u00e1c n\u1ed1t h\u01b0\u01a1ng b\u00e1nh m\u00ec n\u01b0\u1edbng c\u00e2n b\u1eb1ng v\u00e0 tr\u00f2n tr\u1ecba<\/p>\n","protected":false},"excerpt":{"rendered":"<p>Xu\u1ea5t x\u1ee9: T\u00e2y Ba Nha<br \/>\nV\u00f9ng l\u00e0m vang: Castilia<br \/>\nLo\u1ea1i vang:R\u01b0\u1ee3u Vang \u0110\u1ecf h\u1eefu c\u01a1<br \/>\nN\u1ed3ng \u0111\u1ed9:14 %<br \/>\nDung t\u00edch:750 ML<\/p>\n","protected":false},"featured_media":1053,"comment_status":"open","ping_status":"closed","template":"","meta":[],"_links":{"self":[{"href":"https:\/\/sammarco.vn\/index.php?rest_route=\/wp\/v2\/product\/1054"}],"collection":[{"href":"https:\/\/sammarco.vn\/index.php?rest_route=\/wp\/v2\/product"}],"about":[{"href":"https:\/\/sammarco.vn\/index.php?rest_route=\/wp\/v2\/types\/product"}],"replies":[{"embeddable":true,"href":"https:\/\/sammarco.vn\/index.php?rest_route=%2Fwp%2Fv2%2Fcomments&post=1054"}],"wp:featuredmedia":[{"embeddable":true,"href":"https:\/\/sammarco.vn\/index.php?rest_route=\/wp\/v2\/media\/1053"}],"wp:attachment":[{"href":"https:\/\/sammarco.vn\/index.php?rest_route=%2Fwp%2Fv2%2Fmedia&parent=1054"}],"curies":[{"name":"wp","href":"https:\/\/api.w.org\/{rel}","templated":true}]}}