{"id":1028,"date":"2022-10-27T03:10:19","date_gmt":"2022-10-27T03:10:19","guid":{"rendered":"http:\/\/sammarco.vn\/?post_type=product&#038;p=1028"},"modified":"2026-04-13T03:10:21","modified_gmt":"2026-04-13T03:10:21","slug":"ruou-singleton-25-nam","status":"publish","type":"product","link":"https:\/\/sammarco.vn\/?product=ruou-singleton-25-nam","title":{"rendered":"R\u01af\u1ee2U SINGLETON 25 N\u0102M"},"content":{"rendered":"<p>R\u01b0\u1ee3u Singleton 25 n\u0103m, The Singleton of Dufftown d\u00f9ng \u0111\u1ec3 thay th\u1ebf cho Singleton of Auchroisk tr\u01b0\u1edbc \u0111\u00e2y ch\u1ec9 d\u00e0nh ri\u00eang cho th\u1ecb tr\u01b0\u1eddng Ch\u00e2u \u00c2u. Range s\u1ea3n ph\u1ea9m ch\u1ec9 The Singleton of Dufftown 12 v\u00e0 15 n\u0103m.<br \/>\nR\u01b0\u1ee3u Singleton of Dufftown 25 n\u0103m xu\u1ea5t hi\u1ec7n t\u1ea1i th\u1ecb tr\u01b0\u1eddng Ch\u00e2u \u00c1 c\u00f9ng v\u1edbi Singleton 21 n\u0103m (ra m\u1eaft t\u1ea1i Hong Kong) n\u0103m 2017 nh\u01b0 m\u1ed9t chi\u1ebfn l\u01b0\u1ee3c m\u1edbi c\u1ee7a h\u00e3ng.<\/p>\n<p><img decoding=\"async\" loading=\"lazy\" class=\"alignnone size-medium wp-image-1029\" src=\"http:\/\/sammarco.vn\/wp-content\/uploads\/2022\/10\/a0c880e70c5fcb01924e-300x400.jpg\" alt=\"\" width=\"300\" height=\"400\" srcset=\"https:\/\/sammarco.vn\/wp-content\/uploads\/2022\/10\/a0c880e70c5fcb01924e-300x400.jpg 300w, https:\/\/sammarco.vn\/wp-content\/uploads\/2022\/10\/a0c880e70c5fcb01924e-600x800.jpg 600w, https:\/\/sammarco.vn\/wp-content\/uploads\/2022\/10\/a0c880e70c5fcb01924e-768x1024.jpg 768w, https:\/\/sammarco.vn\/wp-content\/uploads\/2022\/10\/a0c880e70c5fcb01924e.jpg 960w\" sizes=\"(max-width: 300px) 100vw, 300px\" \/><br \/>\nTH\u00d4NG TIN<br \/>\nTH\u01af\u01a0NG HI\u1ec6U: Singleton<br \/>\nDUNG T\u00cdCH: 700ml<br \/>\n\u0110\u1ed8 M\u1ea0NH: 43%<br \/>\nTU\u1ed4I R\u01af\u1ee2U: 25 n\u0103m<br \/>\nPH\u00c2N LO\u1ea0I: Single Malt Scotch Whisky<br \/>\nV\u00d9NG: Speyside<br \/>\nXU\u1ea4T X\u1ee8: Scotland<br \/>\nM\u00f9i V\u1ecb C\u1ee7a R\u01b0\u1ee3u Singleton 25 Years Old<br \/>\nSingleton 25 n\u0103m c\u00f3 m\u00e0u v\u00e0ng \u0111\u1eadm t\u01b0\u01a1i s\u00e1ng v\u00e0 \u0111\u1ef1ng trong nh\u1eefng chi\u1ebfc chai th\u1ee7y tinh m\u1ea1nh m\u1ebd, sang tr\u1ecdng \u0111\u01b0\u1ee3c thi\u1ebft k\u1ebf theo ki\u1ec3u truy\u1ec1n th\u1ed1ng. N\u1ebfu nh\u00ecn tho\u00e1ng qua m\u00e0u r\u01b0\u1ee3u t\u1eeb b\u00ean ngo\u00e0i b\u1ea1n s\u1ebd th\u1ea5y kh\u00f4ng c\u00f3 g\u00ec \u0111\u1eb7c bi\u1ec7t nh\u01b0ng khi r\u00f3t r\u01b0\u1ee3u ra ly th\u1ee7y tinh nh\u00ecn th\u1eadt h\u1ea5p d\u1eabn v\u00e0 cu\u1ed1n h\u00fat.<br \/>\nC\u00f9ng v\u1edbi m\u00e0u v\u00e0ng t\u01b0\u01a1i s\u00e1ng, r\u01b0\u1ee3u c\u00f3 h\u01b0\u01a1ng v\u1ecb phong ph\u00fa c\u00e2n b\u1eb1ng c\u1ee7a nhi\u1ec1u lo\u1ea1i tr\u00e1i c\u00e2y c\u00f9ng vani, m\u1eadt ong, ph\u1ea5n hoa ng\u1ecdt, k\u1eb9o ng\u1ecdt, th\u1ea1ch nam \u0111\u1ed1t v\u00e0 tho\u1ea3ng ch\u00fat kh\u00f3i nh\u1eb9 nh\u00e0ng. V\u1ecb r\u01b0\u1ee3u \u0111\u1eadm \u0111\u00e0 pha ch\u00fat g\u1eaft c\u00e0ng khi\u1ebfn chai r\u01b0\u1ee3u n\u00e0y c\u00f3 s\u1ee9c h\u00fat v\u00e0 \u0111\u01b0\u1ee3c ng\u01b0\u1eddi \u01b0a th\u00edch h\u01a1n.<br \/>\nQuy Tr\u00ecnh S\u1ea3n Xu\u1ea5t R\u01b0\u1ee3u Singleton 25 Years Old<br \/>\nSingleton 25 s\u1edf d\u0129 c\u00f3 h\u01b0\u01a1ng v\u1ecb phong ph\u00fa \u0111\u1eb7c tr\u01b0ng ri\u00eang ch\u00ednh l\u00e0 nh\u1edd \u0111\u01b0\u1ee3c s\u1ea3n xu\u1ea5t theo ph\u01b0\u01a1ng ph\u00e1p th\u1ee7 c\u00f4ng truy\u1ec1n th\u1ed1ng k\u1ebft h\u1ee3p v\u1edbi qu\u00e1 tr\u00ecnh l\u00ean men k\u00e9o d\u00e0i, ch\u01b0ng c\u1ea5t ch\u1eadm\u2026<br \/>\nR\u01b0\u1ee3u c\u00f2n \u0111\u01b0\u1ee3c ng\u00e2m \u1ee7 trong nh\u1eefng th\u00f9ng g\u1ed7 s\u1ed3i ch\u00e2u \u00c2u v\u00e0 ch\u00e2u M\u1ef9 ch\u1ea5t l\u01b0\u1ee3ng v\u1edbi th\u1eddi gian t\u1ed1i thi\u1ec3u 25 n\u0103m. Nh\u1eefng th\u00f9ng g\u1ed7 n\u00e0y c\u00f3 tu\u1ed5i \u0111\u1eddi l\u00e2u n\u0103m v\u00e0 \u0111\u01b0\u1ee3c l\u1ef1a ch\u1ecdn c\u1ea9n th\u1eadn b\u1edfi c\u00e1c chuy\u00ean gia.<br \/>\nNgo\u00e0i vi\u1ec7c s\u1eed d\u1ee5ng nguy\u00ean li\u1ec7u ch\u00ednh l\u00e0 m\u1ea1ch nha (\u0111\u01b0\u1ee3c t\u1ea1o ra t\u1eeb l\u00faa m\u1ea1ch c\u1ee7a v\u00f9ng Glen Ord), c\u00e1c nh\u00e0 s\u1ea3n xu\u1ea5t c\u00f2n s\u1eed d\u1ee5ng ngu\u1ed3n n\u01b0\u1edbc tinh khi\u1ebft tr\u00ean n\u00fai cao \u0111\u1ec3 l\u00e0m r\u01b0\u1ee3u. Sau qu\u00e1 tr\u00ecnh l\u00ean men, ch\u01b0ng c\u1ea5t v\u00e0 ng\u00e2m \u1ee7 v\u1edbi th\u1eddi gian th\u00edch h\u1ee3p, r\u01b0\u1ee3u s\u1ebd \u0111\u01b0\u1ee3c pha tr\u1ed9n theo c\u00f4ng th\u1ee9c b\u00ed truy\u1ec1n ri\u00eang. Cu\u1ed1i c\u00f9ng l\u00e0 b\u01b0\u1edbc \u0111\u00f3ng chai v\u00e0 ki\u1ec3m \u0111\u1ecbnh tr\u01b0\u1edbc khi cung c\u1ea5p cho th\u1ecb tr\u01b0\u1eddng.<br \/>\nH\u01b0\u1edbng D\u1eabn C\u00e1ch Th\u01b0\u1edfng Th\u1ee9c R\u01b0\u1ee3u Singleton 25 Years Old<br \/>\nSingleton 25 c\u00f3 th\u1ec3 \u0111\u01b0\u1ee3c th\u01b0\u1edfng th\u1ee9c theo nhi\u1ec1u c\u00e1ch kh\u00e1c nhau nh\u01b0ng theo c\u00e1c chuy\u00ean gia v\u00e0 nh\u1eefng ng\u01b0\u1eddi s\u00e0nh r\u01b0\u1ee3u th\u00ec c\u00e1ch t\u1ed1t nh\u1ea5t l\u00e0 n\u00ean u\u1ed1ng nguy\u00ean ch\u1ea5t. Ngo\u00e0i ra b\u1ea1n c\u0169ng c\u00f3 th\u1ec3 cho th\u00eam \u0111\u00e1, n\u01b0\u1edbc ho\u1eb7c \u01b0\u1edbp l\u1ea1nh n\u1ebfu mu\u1ed1n th\u01b0\u1edfng th\u1ee9c m\u1ed9t ly r\u01b0\u1ee3u m\u01b0\u1ee3t m\u00e0, t\u01b0\u01a1i m\u1edbi.<\/p>\n","protected":false},"excerpt":{"rendered":"<p>TH\u01af\u01a0NG HI\u1ec6U: Singleton<br \/>\nDUNG T\u00cdCH: 700ml<br \/>\n\u0110\u1ed8 M\u1ea0NH: 43%<br \/>\nTU\u1ed4I R\u01af\u1ee2U: 25 n\u0103m<br \/>\nPH\u00c2N LO\u1ea0I: Single Malt Scotch Whisky<br \/>\nV\u00d9NG: Speyside<br \/>\nXU\u1ea4T X\u1ee8: Scotland<br \/>\nM\u00f9i V\u1ecb C\u1ee7a R\u01b0\u1ee3u Singleton 25 Years Old<\/p>\n","protected":false},"featured_media":1029,"comment_status":"open","ping_status":"closed","template":"","meta":[],"_links":{"self":[{"href":"https:\/\/sammarco.vn\/index.php?rest_route=\/wp\/v2\/product\/1028"}],"collection":[{"href":"https:\/\/sammarco.vn\/index.php?rest_route=\/wp\/v2\/product"}],"about":[{"href":"https:\/\/sammarco.vn\/index.php?rest_route=\/wp\/v2\/types\/product"}],"replies":[{"embeddable":true,"href":"https:\/\/sammarco.vn\/index.php?rest_route=%2Fwp%2Fv2%2Fcomments&post=1028"}],"wp:featuredmedia":[{"embeddable":true,"href":"https:\/\/sammarco.vn\/index.php?rest_route=\/wp\/v2\/media\/1029"}],"wp:attachment":[{"href":"https:\/\/sammarco.vn\/index.php?rest_route=%2Fwp%2Fv2%2Fmedia&parent=1028"}],"curies":[{"name":"wp","href":"https:\/\/api.w.org\/{rel}","templated":true}]}}