{"id":1011,"date":"2022-10-24T06:54:20","date_gmt":"2022-10-24T06:54:20","guid":{"rendered":"http:\/\/sammarco.vn\/?post_type=product&#038;p=1011"},"modified":"2022-10-24T06:54:20","modified_gmt":"2022-10-24T06:54:20","slug":"marchigue-private-collection","status":"publish","type":"product","link":"https:\/\/sammarco.vn\/?product=marchigue-private-collection","title":{"rendered":"Marchigue Private Collection"},"content":{"rendered":"<p>R\u01b0\u1ee3u vang chile Marchigue Private Collection c\u00f3 m\u00e0u \u0111\u1ecf s\u00e2u, mang h\u01b0\u01a1ng th\u01a1m m\u1ea1nh m\u1ebd c\u1ee7a qu\u1ea3 m\u00e2m x\u00f4i, nho \u0111en, c\u00e0 ph\u00ea v\u00e0 h\u01b0\u01a1ng vani thanh l\u1ecbch. Vang Chile Marchigue c\u00f3 c\u1ea5u tr\u00fac v\u1eefng, h\u01b0\u01a1ng v\u1ecb tinh t\u1ebf. Sau khi u\u1ed1ng v\u1eabn c\u00f2n l\u01b0u l\u1ea1i h\u01b0\u01a1ng th\u01a1m trong khoang mi\u1ec7ng.<br \/>\nR\u01b0\u1ee3u vang Marchigue Private Collection \u0111\u01b0\u1ee3c nu\u00f4i trong th\u00f9ng g\u1ed7 s\u1ed3i c\u1ee7a Ph\u00e1p v\u00e0 M\u1ef9 s\u1eed d\u1ee5ng l\u1ea7n \u0111\u1ea7u trong 15 th\u00e1ng.<br \/>\nS\u1ea3n l\u01b0\u1ee3ng \u0111\u1ea1t \u0111\u01b0\u1ee3c 7 t\u1ea5n \/ ha. Nho Cabernet Sauvignon \u0111\u01b0\u1ee3c thu ho\u1ea1ch trong h\u1ed9p nh\u1ecf 10 kg v\u00e0 v\u1eadn chuy\u1ec3n \u0111\u1ebfn nh\u00e0 m\u00e1y. Sau \u0111\u00f3 \u0111\u01b0\u01a1c cho v\u00e0o m\u00e1y \u00e9p l\u1ea5y n\u01b0\u1edbc nho ,v\u1ecf ng\u00e2m k\u00e9o d\u00e0i 25 ng\u00e0y. Sau \u0111\u00f3 \u0111\u01b0\u1ee3c ng\u00e2m \u1ee7 15 th\u00e1ng trong th\u00f9ng g\u1ed7 s\u1ed3 c\u1ee7a ph\u00e1p,r\u1ed3i m\u1edbi \u0111\u00f3ng chai v\u00e0 \u1ee7 th\u00eam 6 th\u00e1ng m\u1edbi \u0111\u01b0a ra th\u1ecb tr\u01b0\u1eddng.<br \/>\nR\u01b0\u1ee3u vang Marchigue th\u00edch h\u1ee3p khi d\u00f9ng v\u1edbi c\u00e1c m\u00f3n \u0103n nh\u01b0: Th\u1ecbt b\u00f2, th\u1ecbt l\u1ee3n, c\u00e1c lo\u1ea1i th\u1ecbt \u0111\u1ecf s\u1ebd r\u1ea5t h\u1ee3p gi\u00fap b\u1ea1n \u0103n ngon mi\u1ec7ng h\u01a1n.<br \/>\nNhi\u1ec7t \u0111\u1ed9 ph\u1ee5c v\u1ee5 : 14- 16 \u0111\u1ed9 c<\/p>\n","protected":false},"excerpt":{"rendered":"<p>R\u01b0\u1ee3u vang chile Marchigue Private Collection c\u00f3 m\u00e0u \u0111\u1ecf s\u00e2u, mang h\u01b0\u01a1ng th\u01a1m m\u1ea1nh m\u1ebd c\u1ee7a qu\u1ea3 m\u00e2m x\u00f4i, nho \u0111en, c\u00e0 ph\u00ea v\u00e0 h\u01b0\u01a1ng vani thanh l\u1ecbch. Vang Chile Marchigue c\u00f3 c\u1ea5u tr\u00fac v\u1eefng, h\u01b0\u01a1ng v\u1ecb tinh t\u1ebf. Sau khi u\u1ed1ng v\u1eabn c\u00f2n l\u01b0u l\u1ea1i h\u01b0\u01a1ng th\u01a1m trong khoang mi\u1ec7ng.<\/p>\n","protected":false},"featured_media":1012,"comment_status":"open","ping_status":"closed","template":"","meta":[],"_links":{"self":[{"href":"https:\/\/sammarco.vn\/index.php?rest_route=\/wp\/v2\/product\/1011"}],"collection":[{"href":"https:\/\/sammarco.vn\/index.php?rest_route=\/wp\/v2\/product"}],"about":[{"href":"https:\/\/sammarco.vn\/index.php?rest_route=\/wp\/v2\/types\/product"}],"replies":[{"embeddable":true,"href":"https:\/\/sammarco.vn\/index.php?rest_route=%2Fwp%2Fv2%2Fcomments&post=1011"}],"wp:featuredmedia":[{"embeddable":true,"href":"https:\/\/sammarco.vn\/index.php?rest_route=\/wp\/v2\/media\/1012"}],"wp:attachment":[{"href":"https:\/\/sammarco.vn\/index.php?rest_route=%2Fwp%2Fv2%2Fmedia&parent=1011"}],"curies":[{"name":"wp","href":"https:\/\/api.w.org\/{rel}","templated":true}]}}