{"id":1009,"date":"2022-10-24T06:53:28","date_gmt":"2022-10-24T06:53:28","guid":{"rendered":"http:\/\/sammarco.vn\/?post_type=product&#038;p=1009"},"modified":"2024-09-16T18:39:45","modified_gmt":"2024-09-16T18:39:45","slug":"biennamado","status":"publish","type":"product","link":"https:\/\/sammarco.vn\/?product=biennamado","title":{"rendered":"Biennamado"},"content":{"rendered":"<p>Lo\u1ea1i: R\u01b0\u1ee3u Vang \u0110\u1ecf<br \/>\nN\u1ed3ng \u0111\u1ed9 c\u1ed3n: 15 %<br \/>\nDung t\u00edch: 750ml\/chai<br \/>\nGi\u1ed1ng nho: Monastrell, Syrah, Merlot<br \/>\nV\u00f9ng tr\u1ed3ng nho: Yecla<\/p>\n<p><img decoding=\"async\" loading=\"lazy\" class=\"size-medium wp-image-1010 aligncenter\" src=\"http:\/\/sammarco.vn\/wp-content\/uploads\/2022\/10\/BIENAMADO-300x400.jpg\" alt=\"\" width=\"300\" height=\"400\" srcset=\"https:\/\/sammarco.vn\/wp-content\/uploads\/2022\/10\/BIENAMADO-300x400.jpg 300w, https:\/\/sammarco.vn\/wp-content\/uploads\/2022\/10\/BIENAMADO-599x800.jpg 599w, https:\/\/sammarco.vn\/wp-content\/uploads\/2022\/10\/BIENAMADO-768x1025.jpg 768w, https:\/\/sammarco.vn\/wp-content\/uploads\/2022\/10\/BIENAMADO-600x801.jpg 600w, https:\/\/sammarco.vn\/wp-content\/uploads\/2022\/10\/BIENAMADO.jpg 956w\" sizes=\"(max-width: 300px) 100vw, 300px\" \/><br \/>\nV\u00f9ng Yecla thu\u1ed9c mi\u1ec1n \u0111\u00f4ng nam T\u00e2y Ban Nha \u0111\u00e3 c\u00f3 truy\u1ec1n th\u1ed1ng s\u1ea3n xu\u1ea5t r\u01b0\u1ee3u vang t\u1eeb th\u1ebf k\u1ef7 16. NSX EL Soleado \u0111\u00e3 kh\u00e9o l\u00e9o k\u1ebft h\u1ee3p gi\u1ed1ng nho \u0111\u1ecba ph\u01b0\u01a1ng Monastrell v\u1edbi 2 gi\u1ed1ng nho \u0111\u1ecf qu\u1ed1c t\u1ebf l\u00e0 Syrah v\u00e0 Merlot, \u1ee7 16 th\u00e1ng trong th\u00f9ng s\u1ed3i Ph\u00e1p \u0111\u1ec3 t\u1ea1o n\u00ean chai vang \u0111\u1ecf BIEAMADO ( Ng\u01b0\u1eddi D\u1ea5u Y\u00eau ).<br \/>\nVang c\u00f3 s\u1eafc \u0111\u1ecf ruby \u0111\u1eb9p m\u1eaft, h\u01b0\u01a1ng th\u01a1m g\u1ee3i t\u1ea3 tr\u00e1i c\u00e2y nh\u01b0 anh \u0111\u00e0o, m\u00e2m x\u00f4i, cam th\u1ea3o, g\u1ed7 s\u1ed3i. Ch\u1ea5t r\u01b0\u1ee3u \u0111\u1eadm, n\u1ed3ng n\u00e0n, tannin ch\u1eafc, h\u1eadu v\u1ecb d\u00e0i. Vang h\u1ee3p v\u1edbi c\u00e1c m\u00f3n \u0103n nh\u01b0 th\u1ecbt b\u00f2, m\u1ef3 \u1ed1ng, b\u00ea v\u00e0 gia c\u1ea7m. Th\u01b0\u1edfng th\u1ee9c \u1edf nhi\u1ec7t \u0111\u1ed9 16-18 \u0111\u1ed9 C.<\/p>\n","protected":false},"excerpt":{"rendered":"<p>Lo\u1ea1i: R\u01b0\u1ee3u Vang \u0110\u1ecf<br \/>\nN\u1ed3ng \u0111\u1ed9 c\u1ed3n: 15 %<br \/>\nDung t\u00edch: 750ml\/chai<br \/>\nGi\u1ed1ng nho: Monastrell, Syrah, Merlot<br \/>\nV\u00f9ng tr\u1ed3ng nho: Yecla<\/p>\n","protected":false},"featured_media":1013,"comment_status":"open","ping_status":"closed","template":"","meta":[],"_links":{"self":[{"href":"https:\/\/sammarco.vn\/index.php?rest_route=\/wp\/v2\/product\/1009"}],"collection":[{"href":"https:\/\/sammarco.vn\/index.php?rest_route=\/wp\/v2\/product"}],"about":[{"href":"https:\/\/sammarco.vn\/index.php?rest_route=\/wp\/v2\/types\/product"}],"replies":[{"embeddable":true,"href":"https:\/\/sammarco.vn\/index.php?rest_route=%2Fwp%2Fv2%2Fcomments&post=1009"}],"wp:featuredmedia":[{"embeddable":true,"href":"https:\/\/sammarco.vn\/index.php?rest_route=\/wp\/v2\/media\/1013"}],"wp:attachment":[{"href":"https:\/\/sammarco.vn\/index.php?rest_route=%2Fwp%2Fv2%2Fmedia&parent=1009"}],"curies":[{"name":"wp","href":"https:\/\/api.w.org\/{rel}","templated":true}]}}