{"id":1007,"date":"2022-10-24T06:52:17","date_gmt":"2022-10-24T06:52:17","guid":{"rendered":"http:\/\/sammarco.vn\/?post_type=product&#038;p=1007"},"modified":"2022-10-24T06:52:17","modified_gmt":"2022-10-24T06:52:17","slug":"camasella-sangiovese-primitivo-puglia","status":"publish","type":"product","link":"https:\/\/sammarco.vn\/?product=camasella-sangiovese-primitivo-puglia","title":{"rendered":"Camasella Sangiovese Primitivo Puglia"},"content":{"rendered":"<p>Xu\u1ea5t x\u1ee9:\u00dd<br \/>\nV\u00f9ng l\u00e0m vang:Puglia<br \/>\nLo\u1ea1i vang:R\u01b0\u1ee3u Vang \u0110\u1ecf<br \/>\nN\u1ed3ng \u0111\u1ed9:13 %<br \/>\nDung t\u00edch:750 ML<br \/>\nGi\u1ed1ng nho:PrimitivoSangiovese<br \/>\nR\u01b0\u1ee3u vang Camasella Sangiovese Primitivo l\u00e0 m\u1ed9t trong nh\u1eefng d\u00f2ng vang ph\u1ed5 th\u00f4ng c\u00f3 m\u1eb7t tr\u00ean th\u1ecb tr\u01b0\u1eddng \u0111\u01b0\u1ee3c nhi\u1ec1u ng\u01b0\u1eddi ti\u00eau d\u00f9ng l\u1ef1a ch\u1ecdn ph\u1ee5c v\u1ee5 cho nh\u1eefng b\u1eefa ti\u1ec7c sum v\u1ea7y b\u00ean gia \u0111\u00ecnh b\u1ea1n b\u00e8 c\u00e1c d\u1ecbp l\u1ec5 t\u1ebft. R\u01b0\u1ee3u xu\u1ea5t x\u1ee9 \u00dd, c\u00f3 \u0111\u1ed9 c\u1ed3n 13%, dung t\u00edch 750ml, l\u00e0m t\u1eeb gi\u1ed1ng nho Primitivo v\u00e0 Sangiovese<br \/>\nS\u1edf h\u1eefu m\u1ed9t m\u00e0u \u0111\u1ecf \u00e1nh t\u00edm d\u1ecbu d\u00e0ng, r\u01b0\u1ee3u vang Camasella Sangiovese Primitivo nh\u01b0 hi\u1ec7n l\u00ean tr\u01b0\u1edbc m\u1eaft ng\u01b0\u1eddi th\u01b0\u1edfng th\u1ee9c m\u1ed9t s\u1ee9c \u0111\u1eb9p l\u1ea1 k\u1ef3 v\u00e0 l\u1ed9ng l\u1eaby c\u00f3 kh\u1ea3 n\u0103ng quy\u1ebfn r\u0169 m\u1ecdi tr\u00e1i tim. H\u01b0\u01a1ng v\u1ecb c\u1ee7a r\u01b0\u1ee3u vang nh\u1eb9 nh\u00e0ng v\u00e0 \u00eam \u00e1i b\u1edfi t\u1eeb h\u01b0\u01a1ng th\u01a1m c\u1ee7a nh\u1eefng lo\u1ea1i th\u1ea3o m\u1ed9c, t\u1eeb nho hay \u0111\u01a1n gi\u1ea3n l\u00e0 ch\u00fat ph\u1ea3ng ph\u1ea5t t\u1eeb h\u01b0\u01a1ng th\u01a1m c\u1ee7a m\u1ed9t s\u1ed1 lo\u00e0i hoa t\u01b0\u01a1i c\u01a1 b\u1ea3n \u0111\u1ec3 mang \u0111\u1ebfn m\u1ed9t h\u01b0\u01a1ng v\u1ecb tinh t\u1ebf ri\u00eang nh\u1ea5t \u0111\u1ecbnh.<br \/>\nV\u1edbi n\u1ed3ng \u0111\u1ed9 c\u1ed3n c\u00f3 trong r\u01b0\u1ee3u l\u00e0 13%, dung l\u01b0\u1ee3ng 750ml, r\u01b0\u1ee3u kh\u00e1 nh\u1eb9 nh\u00e0ng v\u00e0 \u00eam \u00e1i \u0111\u1ec3 l\u1ea1i d\u01b0 \u00e2m s\u00e2u s\u1eafc trong l\u00f2ng ng\u01b0\u1eddi th\u01b0\u1edfng th\u1ee9c vang, \u0111\u00f3 l\u00e0 m\u1ed9t k\u1ebft th\u00fac l\u00e2u d\u00e0i v\u00e0 b\u1ec1n ch\u1eb7t.<br \/>\nB\u1ea1n c\u00f3 th\u1ec3 th\u01b0\u1edfng th\u1ee9c r\u01b0\u1ee3u m\u1ed9t c\u00e1ch ho\u00e0n h\u1ea3o nh\u1ea5t khi k\u1ebft h\u1ee3p v\u1edbi m\u1ed9t s\u1ed1 m\u00f3n \u0103n c\u01a1 b\u1ea3n nh\u01b0 th\u1ecbt n\u01b0\u1edbng hay x\u00fac x\u00edch\u2026trong \u0111i\u1ec1u ki\u1ec7n nhi\u1ec7t \u0111\u1ed9 th\u00edch h\u1ee3p l\u00e0 t\u1eeb 18 cho \u0111\u1ebfn 20 \u0111\u1ed9.<\/p>\n","protected":false},"excerpt":{"rendered":"<p>Xu\u1ea5t x\u1ee9:\u00dd<br \/>\nV\u00f9ng l\u00e0m vang:Puglia<br \/>\nLo\u1ea1i vang:R\u01b0\u1ee3u Vang \u0110\u1ecf<br \/>\nN\u1ed3ng \u0111\u1ed9:13 %<br \/>\nDung t\u00edch:750 ML<br \/>\nGi\u1ed1ng nho:PrimitivoSangiovese<\/p>\n","protected":false},"featured_media":1008,"comment_status":"open","ping_status":"closed","template":"","meta":[],"_links":{"self":[{"href":"https:\/\/sammarco.vn\/index.php?rest_route=\/wp\/v2\/product\/1007"}],"collection":[{"href":"https:\/\/sammarco.vn\/index.php?rest_route=\/wp\/v2\/product"}],"about":[{"href":"https:\/\/sammarco.vn\/index.php?rest_route=\/wp\/v2\/types\/product"}],"replies":[{"embeddable":true,"href":"https:\/\/sammarco.vn\/index.php?rest_route=%2Fwp%2Fv2%2Fcomments&post=1007"}],"wp:featuredmedia":[{"embeddable":true,"href":"https:\/\/sammarco.vn\/index.php?rest_route=\/wp\/v2\/media\/1008"}],"wp:attachment":[{"href":"https:\/\/sammarco.vn\/index.php?rest_route=%2Fwp%2Fv2%2Fmedia&parent=1007"}],"curies":[{"name":"wp","href":"https:\/\/api.w.org\/{rel}","templated":true}]}}