{"id":1003,"date":"2022-10-24T06:47:21","date_gmt":"2022-10-24T06:47:21","guid":{"rendered":"http:\/\/sammarco.vn\/?post_type=product&#038;p=1003"},"modified":"2023-05-22T14:11:06","modified_gmt":"2023-05-22T14:11:06","slug":"giordano-primitivo-appassimento","status":"publish","type":"product","link":"https:\/\/sammarco.vn\/?product=giordano-primitivo-appassimento","title":{"rendered":"Giordano Primitivo Appassimento"},"content":{"rendered":"<p>Xu\u1ea5t X\u1ee9 \u00dd<br \/>\nLo\u1ea1i Vang Vang \u0110\u1ecf<br \/>\nGi\u1ed1ng Nho Primitivo<br \/>\nN\u1ed3ng \u0110\u1ed9 15%<br \/>\nDung T\u00edch 750ml<br \/>\nQuy C\u00e1ch 6 Chai\/Th\u00f9ng<br \/>\nH\u01b0\u01a1ng th\u01a1m: Chai vang \u00dd Rinforzato Giordano Primitivo Appassimento mang nh\u1eefng t\u1ea7ng h\u01b0\u01a1ng th\u01a1m \u0111a d\u1ea1ng v\u00e0 b\u00f9ng n\u1ed5 nh\u01b0 m\u1ed9t b\u00f3 hoa \u0111ua n\u1edf, xen l\u1eabn h\u01b0\u01a1ng th\u01a1m tr\u00e1i c\u00e2y ch\u00edn m\u1ecdng, nho kh\u00f4 v\u00e0 qu\u1ea3 anh \u0111\u00e0o.<br \/>\nM\u00f9i v\u1ecb: Trong v\u00f2m h\u1ecdng, r\u01b0\u1ee3u vang Giordano c\u00f3 h\u01b0\u01a1ng v\u1ecb quy\u1ebfn r\u0169, m\u01b0\u1ee3t m\u00e0 v\u00e0 tr\u01b0\u1edfng th\u00e0nh nh\u1edd th\u1eddi gian l\u00e3o h\u00f3a k\u00e9o d\u00e0i trong th\u00f9ng g\u1ed7 s\u1ed3i. C\u00e1c v\u1ecb tr\u00e1i c\u00e2y ng\u1ecdt ng\u00e0o, v\u1ecb ch\u00e1t tannin v\u00e0 v\u1ecb g\u1ed7 s\u1ed3i k\u1ebft h\u1ee3p v\u1edbi nhau h\u00e0i h\u00f2a v\u00e0 tinh t\u1ebf.<br \/>\nVang \u00dd nh\u1eadp kh\u1ea9u Rinforzato Giordano Primitivo Appassimento l\u00e0 th\u00e0nh qu\u1ea3 thu \u0111\u01b0\u1ee3c sau nhi\u1ec1u n\u0103m d\u00e0y c\u00f4ng nghi\u00ean c\u1ee9u gi\u1ed1ng nho Primitivo cao qu\u00fd c\u1ee7a c\u00e1c chuy\u00ean gia r\u01b0\u1ee3u vang c\u1ea5p cao t\u1eeb h\u00e3ng Giordano. M\u1ee5c \u0111\u00edch c\u1ee7a h\u1ecd l\u00e0 t\u1ea1o ma m\u1ed9t chai vang ho\u00e0n to\u00e0n m\u1edbi l\u1ea1, k\u1ebft h\u1ee3p \u0111\u01b0\u1ee3c c\u1ea3 nh\u1eefng n\u00e9t truy\u1ec1n th\u1ed1ng l\u1eabn hi\u1ec7n \u0111\u1ea1i.<br \/>\nH\u1ecd c\u00f9ng \u0111\u01b0a ra \u00fd t\u01b0\u1edfng lo\u1ea1i b\u1ecf nh\u1eefng h\u01b0\u01a1ng v\u1ecb th\u00f4 k\u1ec7ch trong tr\u00e1i nho Primitivi \u0111\u1ec3 t\u1ea1o ra c\u1ea5u tr\u00fac r\u01b0\u1ee3u vang r\u1eafn ch\u1eafc nh\u01b0ng kh\u00f4ng m\u1ea5t v\u1ebb thanh l\u1ecbch. N\u0103m 2015 l\u00e0 m\u1ed9t ni\u00ean v\u1ee5 nho tuy\u1ec7t v\u1eddi gi\u00fap h\u1ecd th\u1ef1c hi\u1ec7n d\u1ef1 \u0111\u1ecbnh n\u00e0y.<br \/>\nNho Primitivo ch\u00edn kh\u00f4ng \u0111\u01b0\u1ee3c thu ho\u1ea1ch ngay m\u00e0 \u0111\u1ec3 cho k\u00edn k\u1ef9 h\u01a1n tr\u00ean c\u00e2y. Sau kho\u1ea3ng 15 ng\u00e0y, tr\u00e1i nho kh\u00f4 qu\u1eaft l\u1ea1i, m\u1ed9t l\u01b0\u1ee3ng n\u01b0\u1edbc \u0111\u00e3 bay h\u01a1i \u0111\u1ec3 l\u1ea1i tr\u00e1i nho v\u1edbi l\u01b0\u1ee3ng \u0111\u01b0\u1eddng c\u00f4 \u0111\u1ecdng. Nh\u1eefng tr\u00e1i nho n\u00e0y b\u1ea5y gi\u1edd m\u1edbi \u0111\u01b0\u1ee3c \u0111em \u0111i \u00e9p l\u00e0m r\u01b0\u1ee3u vang. Primitivo Appassimento Rinforzato \u0111\u1ec3 l\u1ea1i \u1ea5n t\u01b0\u1ee3ng r\u1ea5t kh\u00f3 qu\u00ean trong l\u00f2ng nh\u1eefng ai \u01b0a chu\u1ed9ng r\u01b0\u1ee3u vang \u0111\u1ecf t\u1eeb gi\u1ed1ng nho Primitivo th\u01b0\u1ee3ng h\u1ea1ng.<\/p>\n","protected":false},"excerpt":{"rendered":"<p>Xu\u1ea5t X\u1ee9 \u00dd<br \/>\nLo\u1ea1i Vang Vang \u0110\u1ecf<br \/>\nGi\u1ed1ng Nho Primitivo<br \/>\nN\u1ed3ng \u0110\u1ed9 15%<br \/>\nDung T\u00edch 750ml<br \/>\nQuy C\u00e1ch 6 Chai\/Th\u00f9ng<\/p>\n","protected":false},"featured_media":1004,"comment_status":"open","ping_status":"closed","template":"","meta":[],"_links":{"self":[{"href":"https:\/\/sammarco.vn\/index.php?rest_route=\/wp\/v2\/product\/1003"}],"collection":[{"href":"https:\/\/sammarco.vn\/index.php?rest_route=\/wp\/v2\/product"}],"about":[{"href":"https:\/\/sammarco.vn\/index.php?rest_route=\/wp\/v2\/types\/product"}],"replies":[{"embeddable":true,"href":"https:\/\/sammarco.vn\/index.php?rest_route=%2Fwp%2Fv2%2Fcomments&post=1003"}],"wp:featuredmedia":[{"embeddable":true,"href":"https:\/\/sammarco.vn\/index.php?rest_route=\/wp\/v2\/media\/1004"}],"wp:attachment":[{"href":"https:\/\/sammarco.vn\/index.php?rest_route=%2Fwp%2Fv2%2Fmedia&parent=1003"}],"curies":[{"name":"wp","href":"https:\/\/api.w.org\/{rel}","templated":true}]}}