{"id":1001,"date":"2022-10-24T06:46:32","date_gmt":"2022-10-24T06:46:32","guid":{"rendered":"http:\/\/sammarco.vn\/?post_type=product&#038;p=1001"},"modified":"2022-10-24T06:46:32","modified_gmt":"2022-10-24T06:46:32","slug":"tenute-martino-memorie-primitivo-igt-salento","status":"publish","type":"product","link":"https:\/\/sammarco.vn\/?product=tenute-martino-memorie-primitivo-igt-salento","title":{"rendered":"TENUTE MARTINO MEMORIE PRIMITIVO IGT SALENTO"},"content":{"rendered":"<p>Lo\u1ea1i vang:Vang \u0111\u1ecf<br \/>\nXu\u1ea5t x\u1ee9:\u00dd<br \/>\nGi\u1ed1ng nho:PRIMITIVO<br \/>\n\u0110\u00f3ng chai:6<br \/>\nDung t\u00edch:750ml<br \/>\nN\u1ed3ng \u0111\u1ed9:17%<br \/>\n\u0110\u00e2y l\u00e0 lo\u1ea1i r\u01b0\u1ee3u vang c\u00f3 \u0111\u1ed9 c\u00e2n b\u1eb1ng tuy\u1ec7t v\u1eddi gi\u1eefa \u0111\u1ed9 ng\u1ecdt v\u00e0 \u0111\u1ed9 ch\u00e1t c\u00f3 m\u00e0u \u0111\u1ecf ng\u1ecdc \u00e1nh t\u00edm khi \u0111\u01b0\u1ee3c r\u00f3t v\u00e0o ly. H\u01b0\u01a1ng th\u01a1m ph\u1ee9c h\u1ee3p v\u00e0 \u0111\u1eadm \u0111\u00e0 c\u1ee7a qu\u1ea3 m\u00e2m x\u00f4i, m\u1ee9t d\u00e2u, nho kh\u00f4 v\u00e0 vani \u0111\u1ec3 m\u00ea ho\u1eb7c m\u0169i, c\u00f9ng v\u1edbi m\u1ed9t ch\u00fat v\u1ecb ng\u1ecdt ban \u0111\u1ea7u v\u1edbi n\u1ed3ng \u0111\u1ed9<br \/>\ncao v\u00e0 d\u1ecbu nh\u1eb9 trong v\u00f2m mi\u1ec7ng. M\u1ed9t ch\u00fat v\u1ecb ti\u00eau c\u00f9ng h\u01b0\u01a1ng th\u01a1m m\u00e3nh li\u1ec7t v\u00e0 c\u1ea5u tr\u00fac c\u00e2n b\u1eb1ng, k\u1ebft h\u1ee3p v\u1edbi h\u1eadu v\u1ecb k\u00e9o d\u00e0i.<br \/>\nK\u1ebft h\u1ee3p m\u00f3n \u0103n: \u0102n k\u00e8m ph\u00f9 h\u1ee3p v\u1edbi th\u1ecbt b\u00f2 v\u00e0 th\u1ecbt c\u1eebu n\u01b0\u1edbng, c\u00e1c m\u00f3n n\u1ea5m v\u00e0 pho m\u00e1t c\u1ee9ng.<\/p>\n","protected":false},"excerpt":{"rendered":"<p>Lo\u1ea1i vang:Vang \u0111\u1ecf<br \/>\nXu\u1ea5t x\u1ee9:\u00dd<br \/>\nGi\u1ed1ng nho:PRIMITIVO<br \/>\n\u0110\u00f3ng chai:6<br \/>\nDung t\u00edch:750ml<br \/>\nN\u1ed3ng \u0111\u1ed9:17%<\/p>\n","protected":false},"featured_media":1002,"comment_status":"open","ping_status":"closed","template":"","meta":[],"_links":{"self":[{"href":"https:\/\/sammarco.vn\/index.php?rest_route=\/wp\/v2\/product\/1001"}],"collection":[{"href":"https:\/\/sammarco.vn\/index.php?rest_route=\/wp\/v2\/product"}],"about":[{"href":"https:\/\/sammarco.vn\/index.php?rest_route=\/wp\/v2\/types\/product"}],"replies":[{"embeddable":true,"href":"https:\/\/sammarco.vn\/index.php?rest_route=%2Fwp%2Fv2%2Fcomments&post=1001"}],"wp:featuredmedia":[{"embeddable":true,"href":"https:\/\/sammarco.vn\/index.php?rest_route=\/wp\/v2\/media\/1002"}],"wp:attachment":[{"href":"https:\/\/sammarco.vn\/index.php?rest_route=%2Fwp%2Fv2%2Fmedia&parent=1001"}],"curies":[{"name":"wp","href":"https:\/\/api.w.org\/{rel}","templated":true}]}}