{"id":403,"date":"2020-11-23T08:18:52","date_gmt":"2020-11-23T08:18:52","guid":{"rendered":"http:\/\/ruouvang.demoweb.fun\/?page_id=403"},"modified":"2026-03-02T03:19:53","modified_gmt":"2026-03-02T03:19:53","slug":"gioi-thieu","status":"publish","type":"page","link":"https:\/\/sammarco.vn\/?page_id=403","title":{"rendered":"Gi\u1edbi thi\u1ec7u"},"content":{"rendered":"<p style=\"text-align: center;\"><strong><em>\u201cR\u01b0\u1ee3u vang Sammarco \u2013 U\u1ed1ng \u0111\u1ec3 Y\u00caU kh\u00f4ng ph\u1ea3i \u0111\u1ec3 SAY\u201d<\/em><\/strong><\/p>\n<p>C\u00f4ng ty TNHH Sammarco Vi\u1ec7t Nam \u0111\u01b0\u1ee3c th\u00e0nh l\u1eadp v\u00e0o th\u00e1ng 10 n\u0103m 2017 v\u1edbi m\u1ee5c ti\u00eau l\u00e2u d\u00e0i l\u00e0 ph\u00e1t tri\u1ec3n c\u00e1c s\u1ea3n ph\u1ea9m r\u01b0\u1ee3u vang nh\u1eadp kh\u1ea9u t\u1ea1i th\u1ecb tr\u01b0\u1eddng Vi\u1ec7t nam \u0111\u1ea7y ti\u1ec1m n\u0103ng. M\u1ee5c ti\u00eau c\u1ee7a ch\u00fang t\u00f4i\u00a0 l\u00e0 h\u01b0\u1edbng ng\u01b0\u1eddi ti\u00eau d\u00f9ng, h\u01b0\u1edbng t\u1edbi c\u1ed9ng \u0111\u1ed3ng Doanh nghi\u1ec7p \u0111\u1ec3 l\u00e0m quen v\u1edbi m\u1ed9t lo\u1ea1i \u0111\u1ed3 u\u1ed1ng cao c\u1ea5p ph\u00f9 h\u1ee3p h\u01a1n v\u1edbi cu\u1ed9c s\u1ed1ng hi\u1ec7n \u0111\u1ea1i ng\u00e0y c\u00e0ng ph\u00e1t tri\u1ec3n, l\u1ea1i c\u00f3 l\u1ee3i cho s\u1ee9c kho\u1ebb. V\u1edbi th\u01b0\u01a1ng hi\u1ec7u r\u01b0\u1ee3u vang ch\u1ea5t l\u01b0\u1ee3ng, uy t\u00edn, \u0111\u1ed9i ng\u0169 qu\u1ea3n l\u00fd v\u00e0 nh\u00e2n vi\u00ean n\u0103ng \u0111\u1ed9ng, \u0111\u1ea7y nhi\u1ec7t huy\u1ebft, ch\u00fang t\u00f4i quy\u1ebft t\u00e2m x\u00e2y d\u1ef1ng th\u01b0\u01a1ng hi\u1ec7u\u00a0<strong>R\u01b0\u1ee3u vang<\/strong> <strong>Sammarco<\/strong>\u00a0tr\u1edf th\u00e0nh th\u01b0\u01a1ng hi\u1ec7u h\u00e0ng \u0111\u1ea7u v\u1ec1 r\u01b0\u1ee3u vang nh\u1eadp kh\u1ea9u t\u1ea1i Vi\u1ec7t Nam.<\/p>\n<p>C\u00e1c s\u1ea3n ph\u1ea9m Sammarco cung c\u1ea5p \u0111\u1ebfn t\u1eeb c\u00e1c n\u01b0\u1edbc Ph\u00e1p, \u00dd, Chi L\u00ea, Argentina, T\u00e2y Ba Nha\u2026.phong ph\u00fa v\u1ec1 ch\u1ee7ng lo\u1ea1i v\u00e0 d\u00f2ng s\u1ea3n ph\u1ea9m, \u0111\u00e1p \u1ee9ng y\u00eau c\u1ea7u \u0111a d\u1ea1ng c\u1ee7a kh\u00e1ch h\u00e0ng. Trong t\u01b0\u01a1ng lai Sammarco ti\u1ebfp t\u1ee5c m\u1edf r\u1ed9ng th\u00eam c\u00e1c s\u1ea3n ph\u1ea9m ch\u1ea5t l\u01b0\u1ee3ng t\u1eeb \u00dac, Nam Phi, \u2026\u0111\u1ec3 cung c\u1ea5p cho kh\u00e1ch h\u00e0ng, tu\u00e2n th\u1ee7 nghi\u00eam t\u00fac quy tr\u00ecnh b\u1ea3o qu\u1ea3n r\u01b0\u1ee3u vang trong m\u00f4i tr\u01b0\u1eddng y\u00ean t\u0129nh, s\u1ea1ch s\u1ebd, \u1edf nhi\u1ec7t \u0111\u1ed9 v\u00e0 \u0111\u1ed9 \u1ea9m ti\u00eau chu\u1ea9n qu\u1ed1c t\u1ebf, ch\u00fang t\u00f4i ch\u0103m s\u00f3c t\u1eebng chai r\u01b0\u1ee3u nh\u01b0 ch\u0103m s\u00f3c m\u1ed9t th\u1ef1c th\u1ec3 s\u1ed1ng.<\/p>\n<p>Hi\u1ec7n nay, ch\u00fang t\u00f4i c\u00f3 showroom tr\u01b0ng b\u00e0y s\u1ea3n ph\u1ea9m &amp; b\u00e1n l\u1ebb \u1edf 02 c\u01a1 c\u1edf ch\u00ednh t\u1ea1i TP H\u1ea3i Ph\u00f2ng. T\u1ea1i \u0111\u00e2y, kh\u00e1ch h\u00e0ng c\u00f3 th\u1ec3 \u0111\u1ebfn tham quan, tr\u1ea3i nghi\u1ec7m, tham kh\u1ea3o s\u1ea3n ph\u1ea9m \u0111\u1ec3 ch\u1ecdn cho m\u00ecnh\u00a0nh\u1eefng lo\u1ea1i \u01b0ng \u00fd, ph\u00f9 h\u1ee3p nh\u1ea5t c\u0169ng nh\u01b0 kh\u00e1m ph\u00e1 v\u00e0 t\u00ecm hi\u1ec3u th\u00eam th\u00f4ng tin v\u1ec1 r\u01b0\u1ee3u vang\u2026\u00a0Ngo\u00e0i ra, <strong>Sammarco<\/strong> c\u00f2n ph\u00e1t tri\u1ec3n m\u1ea1ng l\u01b0\u1edbi ph\u00e2n ph\u1ed1i \u0111\u1ebfn c\u00e1c kh\u00e1ch h\u00e0ng \u1edf h\u1ea7u h\u1ebft c\u00e1c k\u00eanh b\u00e1n h\u00e0ng: \u0111\u00f3 l\u00e0 h\u1ec7 th\u1ed1ng c\u00e1c nh\u00e0 h\u00e0ng, kh\u00e1ch s\u1ea1n, c\u00e1c c\u1eeda h\u00e0ng b\u00e1n l\u1ebb r\u01b0\u1ee3u vang chuy\u00ean bi\u1ec7t, c\u00e1c nh\u00e0\u00a0\u00a0ph\u00e2n ph\u1ed1i th\u1ee9 c\u1ea5p, c\u00e1c c\u00f4ng ty, c\u00e1c c\u01a1 quan, c\u00e1c t\u1ed5 ch\u1ee9c v\u00e0 c\u00e1c kh\u00e1ch h\u00e0ng l\u1ebb tr\u00ean to\u00e0n qu\u1ed1c<\/p>\n<p><strong><em>T\u1ea7m nh\u00ecn:<\/em><\/strong> C\u00f4ng ty TNHH Sammarco Vi\u1ec7t Nam x\u00e2y d\u1ef1ng th\u01b0\u01a1ng hi\u1ec7u R\u01b0\u1ee3u vang Sammarco th\u00e0nh th\u01b0\u01a1ng hi\u1ec7u TOP \u0111\u1ea7u t\u1ea1i Vi\u1ec7t Nam tr\u01b0\u1edbc n\u0103m 2035.<\/p>\n<p><strong><em>S\u1ee9 m\u1ec7nh:<\/em><\/strong> Sammarco Vi\u1ec7t Nam mang \u0111\u1ebfn cho ng\u01b0\u1eddi ti\u00eau d\u00f9ng nh\u1eefng s\u1ea3n ph\u1ea9m r\u01b0\u1ee3u vang, Whisky, Cogmac ph\u00f9 h\u1ee3p nh\u1ea5t v\u1ec1 ch\u1ea5t l\u01b0\u1ee3ng, gi\u00e1 c\u1ea3, v\u0103n h\u00f3a c\u0169ng nh\u01b0 kh\u1ea9u v\u1ecb c\u1ee7a ng\u01b0\u1eddi Vi\u1ec7t Nam<\/p>\n<p><strong><em>Gi\u00e1 tr\u1ecb c\u1ed1t l\u00f5i: <\/em><\/strong>Uy t\u00edn v\u1ec1 Ch\u1ea5t l\u01b0\u1ee3ng, Gi\u00e1 c\u1ea3 &#8211; \u0110a d\u1ea1ng m\u1eabu m\u00e3 s\u1ea3n ph\u1ea9m &#8211; Chuy\u00ean nghi\u1ec7p trong kinh doanh &#8211; T\u1eadn t\u00e2m v\u1edbi kh\u00e1ch h\u00e0ng Tr\u00e1ch nhi\u1ec7m v\u1edbi x\u00e3 h\u1ed9i l\u00e0 gi\u00e1 tr\u1ecb Sammarco h\u01b0\u1edbng t\u1edbi.<\/p>\n<p>Kh\u00f4ng ng\u1eebng nghi\u00ean c\u1ee9u v\u00e0 ho\u00e0n thi\u1ec7n nh\u1eefng s\u1ea3n ph\u1ea9m hi\u1ec7n c\u00f3, ph\u00e1t tri\u1ec3n ph\u00e2n ph\u1ed1i nh\u1eefng s\u1ea3n ph\u1ea9m m\u1edbi, <strong>Sammarco<\/strong> mong mu\u1ed1n \u0111em \u0111\u1ebfn cho ng\u01b0\u1eddi ti\u00eau d\u00f9ng nh\u1eefng s\u1ea3n ph\u1ea9m ph\u00f9 h\u1ee3p nh\u1ea5t v\u1ec1 ch\u1ea5t l\u01b0\u1ee3ng, gi\u00e1 c\u1ea3 v\u00e0 \u0111\u1eb7c bi\u1ec7t l\u00e0 h\u1ee3p kh\u1ea9u v\u1ecb v\u1edbi c\u00e1c m\u00f3n \u0103n Vi\u1ec7t Nam.<\/p>\n<p><strong><em>M\u1ecdi chi ti\u1ebft xin li\u00ean h\u1ec7: C\u00d4NG TY TNHH SAMMARCO VI\u1ec6T NAM<\/em><\/strong><\/p>\n<p><strong><em><u>\u0110\u1ecba ch\u1ec9:<\/u><\/em><\/strong><em> T\u1ea7ng 1, d\u00e3y nh\u00e0 Ph\u00fa Gia 02-02 Vincom Plaza, S\u1ed1 1 L\u00ea Th\u00e1nh T\u00f4ng, P. Ng\u00f4 Quy\u1ec1n, Th\u00e0nh ph\u1ed1 H\u1ea3i Ph\u00f2ng, Vi\u1ec7t Nam<\/em><\/p>\n<p><em>Hotline: 0936.932.639<\/em><\/p>\n<p>Email: <em>sammarcohp@gmail.com<\/em><\/p>\n<p><em>Website: http:\/\/sammarco.vn\/<\/em><\/p>\n<p><img decoding=\"async\" loading=\"lazy\" class=\"alignnone size-medium wp-image-909\" src=\"http:\/\/sammarco.vn\/wp-content\/uploads\/2021\/06\/co-so-2-533x400.jpg\" alt=\"\" width=\"533\" height=\"400\" srcset=\"https:\/\/sammarco.vn\/wp-content\/uploads\/2021\/06\/co-so-2-533x400.jpg 533w, https:\/\/sammarco.vn\/wp-content\/uploads\/2021\/06\/co-so-2-1067x800.jpg 1067w, https:\/\/sammarco.vn\/wp-content\/uploads\/2021\/06\/co-so-2-768x576.jpg 768w, https:\/\/sammarco.vn\/wp-content\/uploads\/2021\/06\/co-so-2-600x450.jpg 600w, https:\/\/sammarco.vn\/wp-content\/uploads\/2021\/06\/co-so-2.jpg 1280w\" sizes=\"(max-width: 533px) 100vw, 533px\" \/><img decoding=\"async\" loading=\"lazy\" class=\"alignnone size-medium wp-image-908\" src=\"http:\/\/sammarco.vn\/wp-content\/uploads\/2021\/06\/co-so-1-533x400.jpg\" alt=\"\" width=\"533\" height=\"400\" srcset=\"https:\/\/sammarco.vn\/wp-content\/uploads\/2021\/06\/co-so-1-533x400.jpg 533w, https:\/\/sammarco.vn\/wp-content\/uploads\/2021\/06\/co-so-1-768x576.jpg 768w, https:\/\/sammarco.vn\/wp-content\/uploads\/2021\/06\/co-so-1-600x450.jpg 600w, https:\/\/sammarco.vn\/wp-content\/uploads\/2021\/06\/co-so-1.jpg 1000w\" sizes=\"(max-width: 533px) 100vw, 533px\" \/><\/p>\n<p style=\"text-align: center;\"><em>H\u00ecnh \u1ea3nh b\u00ean ngo\u00e0i 02 c\u01a1 s\u1edf 01 v\u00e0 02 c\u1ee7a C\u00f4ng ty\u00a0<\/em><\/p>\n<p><iframe loading=\"lazy\" title=\"R\u01af\u1ee2U VANG SAMMACO VI\u1ec6T NAM\" width=\"1020\" height=\"574\" src=\"https:\/\/www.youtube.com\/embed\/V6PIRz4hyeQ?feature=oembed\" frameborder=\"0\" allow=\"accelerometer; autoplay; clipboard-write; encrypted-media; gyroscope; picture-in-picture; web-share\" referrerpolicy=\"strict-origin-when-cross-origin\" allowfullscreen><\/iframe><\/p>\n","protected":false},"excerpt":{"rendered":"<p>\u201cR\u01b0\u1ee3u vang Sammarco \u2013 U\u1ed1ng \u0111\u1ec3 Y\u00caU kh\u00f4ng ph\u1ea3i \u0111\u1ec3 SAY\u201d C\u00f4ng ty TNHH Sammarco Vi\u1ec7t Nam \u0111\u01b0\u1ee3c th\u00e0nh l\u1eadp v\u00e0o th\u00e1ng 10 n\u0103m 2017 v\u1edbi m\u1ee5c ti\u00eau l\u00e2u d\u00e0i l\u00e0 ph\u00e1t tri\u1ec3n c\u00e1c s\u1ea3n ph\u1ea9m r\u01b0\u1ee3u vang nh\u1eadp kh\u1ea9u t\u1ea1i th\u1ecb tr\u01b0\u1eddng Vi\u1ec7t nam \u0111\u1ea7y ti\u1ec1m n\u0103ng. M\u1ee5c ti\u00eau c\u1ee7a ch\u00fang t\u00f4i\u00a0 l\u00e0 h\u01b0\u1edbng [&#8230;]\n","protected":false},"author":1,"featured_media":909,"parent":0,"menu_order":0,"comment_status":"closed","ping_status":"closed","template":"","meta":{"footnotes":""},"_links":{"self":[{"href":"https:\/\/sammarco.vn\/index.php?rest_route=\/wp\/v2\/pages\/403"}],"collection":[{"href":"https:\/\/sammarco.vn\/index.php?rest_route=\/wp\/v2\/pages"}],"about":[{"href":"https:\/\/sammarco.vn\/index.php?rest_route=\/wp\/v2\/types\/page"}],"author":[{"embeddable":true,"href":"https:\/\/sammarco.vn\/index.php?rest_route=\/wp\/v2\/users\/1"}],"replies":[{"embeddable":true,"href":"https:\/\/sammarco.vn\/index.php?rest_route=%2Fwp%2Fv2%2Fcomments&post=403"}],"version-history":[{"count":14,"href":"https:\/\/sammarco.vn\/index.php?rest_route=\/wp\/v2\/pages\/403\/revisions"}],"predecessor-version":[{"id":1096,"href":"https:\/\/sammarco.vn\/index.php?rest_route=\/wp\/v2\/pages\/403\/revisions\/1096"}],"wp:featuredmedia":[{"embeddable":true,"href":"https:\/\/sammarco.vn\/index.php?rest_route=\/wp\/v2\/media\/909"}],"wp:attachment":[{"href":"https:\/\/sammarco.vn\/index.php?rest_route=%2Fwp%2Fv2%2Fmedia&parent=403"}],"curies":[{"name":"wp","href":"https:\/\/api.w.org\/{rel}","templated":true}]}}